{"id":89142,"date":"2026-01-20T11:25:26","date_gmt":"2026-01-20T11:25:26","guid":{"rendered":"https:\/\/abcrflagarinhos.org\/?page_id=89142"},"modified":"2026-01-20T11:39:04","modified_gmt":"2026-01-20T11:39:04","slug":"politica-de-cookies","status":"publish","type":"page","link":"https:\/\/abcrflagarinhos.org\/?page_id=89142","title":{"rendered":"Pol\u00edtica de Cookies"},"content":{"rendered":"\t\t<div data-elementor-type=\"wp-page\" data-elementor-id=\"89142\" class=\"elementor elementor-89142\">\n\t\t\t\t<div class=\"elementor-element elementor-element-a54dbd7 e-flex e-con-boxed tm-col-stretched-none tm-bg-color-over-image e-con e-parent\" data-id=\"a54dbd7\" data-element_type=\"container\" data-e-type=\"container\">\n\t\t\t\t\t<div class=\"e-con-inner\">\n\t\t\t\t<div class=\"elementor-element elementor-element-359e030 elementor-widget elementor-widget-tm-ele-page-title\" data-id=\"359e030\" data-element_type=\"widget\" data-e-type=\"widget\" data-widget_type=\"tm-ele-page-title.default\">\n\t\t\t\t<div class=\"elementor-widget-container\">\n\t\t\t\t\t\r\n\t<h1 class=\"title\" style=\"\">Pol\u00edtica de Cookies<\/h1>\r\n\r\n\t\t\t\t<\/div>\n\t\t\t\t<\/div>\n\t\t\t\t<div class=\"elementor-element elementor-element-026f24a elementor-widget elementor-widget-tm-ele-text-editor\" data-id=\"026f24a\" data-element_type=\"widget\" data-e-type=\"widget\" data-widget_type=\"tm-ele-text-editor.default\">\n\t\t\t\t<div class=\"elementor-widget-container\">\n\t\t\t\t\t\t\t<div class=\"tm-text-editor\">\r\n\t\t<h2 data-start=\"255\" data-end=\"280\">1. O que s\u00e3o Cookies<\/h2><p data-start=\"281\" data-end=\"538\">Cookies s\u00e3o pequenos ficheiros de texto armazenados no seu dispositivo (computador, tablet ou telem\u00f3vel) quando visita um website. Estes ficheiros permitem melhorar o funcionamento do site, garantir a sua seguran\u00e7a e recolher informa\u00e7\u00e3o estat\u00edstica an\u00f3nima.<\/p><hr data-start=\"540\" data-end=\"543\" \/><h2 data-start=\"545\" data-end=\"584\">2. Que tipos de Cookies utilizamos<\/h2><p data-start=\"586\" data-end=\"733\">O website da <strong data-start=\"599\" data-end=\"687\">Associa\u00e7\u00e3o de Benefic\u00eancia Cultural e Recreativa da Freguesia de Lagarinhos (ABCRFL)<\/strong> utiliza apenas os seguintes tipos de cookies:<\/p><h3 data-start=\"735\" data-end=\"776\">a) Cookies Estritamente Necess\u00e1rios<\/h3><p data-start=\"777\" data-end=\"950\">Essenciais para o funcionamento do website e para garantir a navega\u00e7\u00e3o segura.<br data-start=\"855\" data-end=\"858\" \/>Estes cookies n\u00e3o recolhem informa\u00e7\u00e3o pessoal identific\u00e1vel e <strong data-start=\"920\" data-end=\"949\">n\u00e3o podem ser desativados<\/strong>.<\/p><p data-start=\"952\" data-end=\"1016\"><strong data-start=\"952\" data-end=\"967\">Base legal:<\/strong> Interesse leg\u00edtimo (Art.\u00ba 6.\u00ba n.\u00ba 1 al. f) RGPD)<\/p><hr data-start=\"1018\" data-end=\"1021\" \/><h3 data-start=\"1023\" data-end=\"1067\">b) Cookies de Estat\u00edsticas (Analytics)<\/h3><p data-start=\"1068\" data-end=\"1213\">Utilizados para recolher informa\u00e7\u00e3o an\u00f3nima sobre a forma como os visitantes utilizam o website, permitindo melhorar conte\u00fados e funcionalidades.<\/p><p data-start=\"1215\" data-end=\"1262\">Atualmente, podem ser utilizados servi\u00e7os como:<\/p><ul data-start=\"1263\" data-end=\"1310\"><li data-start=\"1263\" data-end=\"1310\"><p data-start=\"1265\" data-end=\"1310\"><strong data-start=\"1265\" data-end=\"1285\">Google Analytics<\/strong> (com anonimiza\u00e7\u00e3o de IP)<\/p><\/li><\/ul><p data-start=\"1312\" data-end=\"1393\">Estes cookies <strong data-start=\"1326\" data-end=\"1392\">s\u00f3 s\u00e3o ativados mediante consentimento expl\u00edcito do utilizador<\/strong>.<\/p><p data-start=\"1395\" data-end=\"1454\"><strong data-start=\"1395\" data-end=\"1410\">Base legal:<\/strong> Consentimento (Art.\u00ba 6.\u00ba n.\u00ba 1 al. a) RGPD)<\/p><hr data-start=\"1456\" data-end=\"1459\" \/><h2 data-start=\"1461\" data-end=\"1489\">3. Cookies de Terceiros<\/h2><p data-start=\"1490\" data-end=\"1671\">O website pode recorrer a cookies de terceiros exclusivamente para fins estat\u00edsticos.<br data-start=\"1575\" data-end=\"1578\" \/>A ABCRFL <strong data-start=\"1587\" data-end=\"1625\">n\u00e3o utiliza cookies de publicidade<\/strong>, remarketing ou perfiliza\u00e7\u00e3o de utilizadores.<\/p><p data-start=\"1673\" data-end=\"1824\">Sempre que aplic\u00e1vel, os dados recolhidos cumprem as cl\u00e1usulas contratuais padr\u00e3o e os mecanismos legais de prote\u00e7\u00e3o exigidos pela legisla\u00e7\u00e3o europeia.<\/p><hr data-start=\"1826\" data-end=\"1829\" \/><h2 data-start=\"1831\" data-end=\"1866\">4. Consentimento do Utilizador<\/h2><p data-start=\"1867\" data-end=\"1935\">Ao aceder ao website, \u00e9 apresentado um aviso de cookies que permite:<\/p><ul data-start=\"1936\" data-end=\"2039\"><li data-start=\"1936\" data-end=\"1963\"><p data-start=\"1938\" data-end=\"1963\">Aceitar todos os cookies;<\/p><\/li><li data-start=\"1964\" data-end=\"1998\"><p data-start=\"1966\" data-end=\"1998\">Rejeitar cookies n\u00e3o essenciais;<\/p><\/li><li data-start=\"1999\" data-end=\"2039\"><p data-start=\"2001\" data-end=\"2039\">Configurar as prefer\u00eancias de cookies.<\/p><\/li><\/ul><p data-start=\"2041\" data-end=\"2155\">O utilizador pode, a qualquer momento, alterar ou retirar o seu consentimento atrav\u00e9s das defini\u00e7\u00f5es do navegador.<\/p><hr data-start=\"2157\" data-end=\"2160\" \/><h2 data-start=\"2162\" data-end=\"2201\">5. Como gerir ou desativar Cookies<\/h2><p data-start=\"2202\" data-end=\"2369\">Pode configurar o seu navegador para bloquear ou eliminar cookies. No entanto, a desativa\u00e7\u00e3o de cookies essenciais pode comprometer o correto funcionamento do website.<\/p><p data-start=\"2371\" data-end=\"2416\">Informa\u00e7\u00e3o adicional sobre gest\u00e3o de cookies:<\/p><ul><li data-start=\"2419\" data-end=\"2427\">Chrome<\/li><li data-start=\"2419\" data-end=\"2427\">Firefox<\/li><li data-start=\"2419\" data-end=\"2427\">Edge<\/li><li data-start=\"2419\" data-end=\"2427\">Safari<\/li><\/ul><p data-start=\"2461\" data-end=\"2505\">(Consulte o menu de ajuda do seu navegador.)<\/p><hr data-start=\"2507\" data-end=\"2510\" \/><h2 data-start=\"2512\" data-end=\"2546\">6. Prote\u00e7\u00e3o de Dados Pessoais<\/h2><p data-start=\"2547\" data-end=\"2680\">Para mais informa\u00e7\u00f5es sobre o tratamento de dados pessoais e os direitos dos titulares, consulte a nossa <strong data-start=\"2652\" data-end=\"2679\">Pol\u00edtica de Privacidade<\/strong>.<\/p><hr data-start=\"2682\" data-end=\"2685\" \/><h2 data-start=\"2687\" data-end=\"2727\">7. Altera\u00e7\u00f5es \u00e0 Pol\u00edtica de Cookies<\/h2><p data-start=\"2728\" data-end=\"2891\">A ABCRFL reserva-se o direito de atualizar a presente Pol\u00edtica de Cookies sempre que necess\u00e1rio para garantir o cumprimento legal ou melhorias t\u00e9cnicas do website.<\/p><p data-start=\"2893\" data-end=\"2952\">A vers\u00e3o atual encontra-se sempre dispon\u00edvel neste website.<\/p><hr data-start=\"2954\" data-end=\"2957\" \/><h2 data-start=\"2959\" data-end=\"2976\">8. Contactos<\/h2><p data-start=\"2977\" data-end=\"3060\">Para qualquer quest\u00e3o relacionada com cookies ou prote\u00e7\u00e3o de dados, pode contactar:<\/p><p data-start=\"3062\" data-end=\"3179\"><strong data-start=\"3062\" data-end=\"3141\">Associa\u00e7\u00e3o de Benefic\u00eancia Cultural e Recreativa da Freguesia de Lagarinhos<\/strong><br data-start=\"3141\" data-end=\"3144\" \/>Email: <strong data-start=\"3151\" data-end=\"3179\"><a data-start=\"3153\" data-end=\"3177\" class=\"decorated-link cursor-pointer\" rel=\"noopener\">abcrf.lagarinhos@sapo.pt<span aria-hidden=\"true\" class=\"ms-0.5 inline-block align-middle leading-none\"><svg xmlns=\"http:\/\/www.w3.org\/2000\/svg\" width=\"20\" height=\"20\" aria-hidden=\"true\" data-rtl-flip=\"\" class=\"block h-[0.75em] w-[0.75em] stroke-current stroke-[0.75]\"><use href=\"\/cdn\/assets\/sprites-core-k5zux585.svg#304883\" fill=\"currentColor\"><\/use><\/svg><\/span><\/a><\/strong><\/p>\t\t<\/div>\r\n\t\t\t\t\t<\/div>\n\t\t\t\t<\/div>\n\t\t\t\t\t<\/div>\n\t\t\t\t<\/div>\n\t\t\t\t<\/div>\n\t\t","protected":false},"excerpt":{"rendered":"<p>Pol\u00edtica de Cookies 1. O que s\u00e3o Cookies Cookies s\u00e3o pequenos ficheiros de texto armazenados no seu dispositivo (computador, tablet&#8230;<\/p>\n","protected":false},"author":1,"featured_media":0,"parent":0,"menu_order":0,"comment_status":"closed","ping_status":"closed","template":"","meta":{"om_disable_all_campaigns":false,"footnotes":""},"class_list":["post-89142","page","type-page","status-publish","hentry"],"aioseo_notices":[],"_links":{"self":[{"href":"https:\/\/abcrflagarinhos.org\/index.php?rest_route=\/wp\/v2\/pages\/89142","targetHints":{"allow":["GET"]}}],"collection":[{"href":"https:\/\/abcrflagarinhos.org\/index.php?rest_route=\/wp\/v2\/pages"}],"about":[{"href":"https:\/\/abcrflagarinhos.org\/index.php?rest_route=\/wp\/v2\/types\/page"}],"author":[{"embeddable":true,"href":"https:\/\/abcrflagarinhos.org\/index.php?rest_route=\/wp\/v2\/users\/1"}],"replies":[{"embeddable":true,"href":"https:\/\/abcrflagarinhos.org\/index.php?rest_route=%2Fwp%2Fv2%2Fcomments&post=89142"}],"version-history":[{"count":3,"href":"https:\/\/abcrflagarinhos.org\/index.php?rest_route=\/wp\/v2\/pages\/89142\/revisions"}],"predecessor-version":[{"id":89145,"href":"https:\/\/abcrflagarinhos.org\/index.php?rest_route=\/wp\/v2\/pages\/89142\/revisions\/89145"}],"wp:attachment":[{"href":"https:\/\/abcrflagarinhos.org\/index.php?rest_route=%2Fwp%2Fv2%2Fmedia&parent=89142"}],"curies":[{"name":"wp","href":"https:\/\/api.w.org\/{rel}","templated":true}]}}