{"id":89044,"date":"2026-01-13T10:05:42","date_gmt":"2026-01-13T10:05:42","guid":{"rendered":"https:\/\/abcrflagarinhos.org\/?page_id=89044"},"modified":"2026-01-13T15:15:39","modified_gmt":"2026-01-13T15:15:39","slug":"direitos-e-deveres-dos-utentes","status":"publish","type":"page","link":"https:\/\/abcrflagarinhos.org\/?page_id=89044","title":{"rendered":"Direitos e Deveres dos Utentes"},"content":{"rendered":"\t\t<div data-elementor-type=\"wp-page\" data-elementor-id=\"89044\" class=\"elementor elementor-89044\">\n\t\t\t\t<div class=\"elementor-element elementor-element-62aaf0a e-flex e-con-boxed tm-col-stretched-none tm-bg-color-over-image e-con e-parent\" data-id=\"62aaf0a\" data-element_type=\"container\" data-e-type=\"container\">\n\t\t\t\t\t<div class=\"e-con-inner\">\n\t\t\t\t<div class=\"elementor-element elementor-element-b49e52a horizontal-line-align-left vertical-line-align-bottom elementor-widget elementor-widget-tm-ele-section-title\" data-id=\"b49e52a\" data-element_type=\"widget\" data-e-type=\"widget\" data-widget_type=\"tm-ele-section-title.default\">\n\t\t\t\t<div class=\"elementor-widget-container\">\n\t\t\t\t\t<div class=\"tm-sc-section-title section-title title-icon-pos-icon-left \">\r\n\t<div class=\"title-wrapper\">\r\n\t\t\t\t\r\n\r\n<div class=\"sub-title-outer\">\r\n\t\t<h3 class=\"subtitle \">\r\n\r\n\t\t\t\t<img decoding=\"async\" class=\"title-icon\" src=\"https:\/\/abcrflagarinhos.org\/wp-content\/uploads\/2026\/01\/iconoriginaldireitos.png\" alt=\"icon\">\t\t\r\n\t\tDireitos\t<\/h3>\r\n\t<\/div>\t\t\t<h1 class=\"title \">\r\n\r\n\t\t\r\n\t\t\t\t<span class=\"title-part1 \">S\u00e3o Direitos dos utentes<\/span>\r\n\t\t\t\t\r\n\t\t\t\t\t<span class=\"elementor-repeater-item-3af8b8c\"><\/span>\r\n\t\t\r\n\t<\/h1>\r\n\t<div class=\"title-seperator-line\"><\/div>\t\t\t\t\t\t<div class=\"paragraph\">\r\n\t\t<h3>Os utentes t\u00eam o direito de ser tratados com dignidade e respeito, o que inclui<\/h3>\t<\/div>\r\n\t\t<\/div>\r\n<\/div>\t\t\t\t<\/div>\n\t\t\t\t<\/div>\n\t\t\t\t<div class=\"elementor-element elementor-element-417cac6 elementor-widget elementor-widget-tm-ele-list\" data-id=\"417cac6\" data-element_type=\"widget\" data-e-type=\"widget\" data-widget_type=\"tm-ele-list.default\">\n\t\t\t\t<div class=\"elementor-widget-container\">\n\t\t\t\t\t<ul class=\"tm-sc-list \">\r\n\t<li class=\"\">\r\n\t\t\t\t<i aria-hidden=\"true\" class=\"far fa-check-circle\"><\/i>\t\t\t\t<span>\r\n\t<strong>Identidade e Intimidade:\u00a0<\/strong>Respeito pela identidade pessoal e reserva da intimidade privada e familiar.<\/span><\/li>\t<li class=\"\">\r\n\t\t\t\t<i aria-hidden=\"true\" class=\"far fa-check-circle\"><\/i>\t\t\t\t<span>\r\n\t<strong>Tratamento Digno: <\/strong>Ser tratado com considera\u00e7\u00e3o e respeito pelas suas convic\u00e7\u00f5es.<\/span><\/li>\t<li class=\"\">\r\n\t\t\t\t<i aria-hidden=\"true\" class=\"far fa-check-circle\"><\/i>\t\t\t\t<span>\r\n\t<strong>Informa\u00e7\u00e3o:<\/strong> Aceder ao Regulamento Interno e ser informado sobrea as regras de funcionamento e pre\u00e7\u00e1rio.<\/span><\/li>\t<li class=\"\">\r\n\t\t\t\t<i aria-hidden=\"true\" class=\"far fa-check-circle\"><\/i>\t\t\t\t<span>\r\n\t<strong>Participa\u00e7\u00e3o:<\/strong> Participa\u00e7\u00e3o nas atividades desenvolvidas pela Institui\u00e7\u00e3o e colaborar a gest\u00e3o da sua\u00a0 resposta social.<\/span><\/li>\t<li class=\"\">\r\n\t\t\t\t<i aria-hidden=\"true\" class=\"far fa-check-circle\"><\/i>\t\t\t\t<span>\r\n\t<strong>Confidencialidade:<\/strong> Garantia de sigilio sobre os seus dados pessoais e processo individual.<\/span><\/li><\/ul>\t\t\t\t<\/div>\n\t\t\t\t<\/div>\n\t\t\t\t\t<\/div>\n\t\t\t\t<\/div>\n\t\t<div class=\"elementor-element elementor-element-cabca2d e-flex e-con-boxed tm-col-stretched-none tm-bg-color-over-image e-con e-parent\" data-id=\"cabca2d\" data-element_type=\"container\" data-e-type=\"container\">\n\t\t\t\t\t<div class=\"e-con-inner\">\n\t\t\t\t<div class=\"elementor-element elementor-element-e59bf5d horizontal-line-align-left vertical-line-align-bottom elementor-widget elementor-widget-tm-ele-section-title\" data-id=\"e59bf5d\" data-element_type=\"widget\" data-e-type=\"widget\" data-widget_type=\"tm-ele-section-title.default\">\n\t\t\t\t<div class=\"elementor-widget-container\">\n\t\t\t\t\t<div class=\"tm-sc-section-title section-title title-icon-pos-icon-left \">\r\n\t<div class=\"title-wrapper\">\r\n\t\t\t\t\r\n\r\n<div class=\"sub-title-outer\">\r\n\t\t<h3 class=\"subtitle \">\r\n\r\n\t\t\t\t<img decoding=\"async\" class=\"title-icon\" src=\"https:\/\/abcrflagarinhos.org\/wp-content\/uploads\/2026\/01\/deveresOriginalIcon.png\" alt=\"icon\">\t\t\r\n\t\tDeveres\t<\/h3>\r\n\t<\/div>\t\t\t<h1 class=\"title \">\r\n\r\n\t\t\r\n\t\t\t\t<span class=\"title-part1 \">S\u00e3o Deveres dos utentes<\/span>\r\n\t\t\t\t\r\n\t\t\t\t\t<span class=\"elementor-repeater-item-3af8b8c\"><\/span>\r\n\t\t\r\n\t<\/h1>\r\n\t<div class=\"title-seperator-line\"><\/div>\t\t\t\t\t\t<div class=\"paragraph\">\r\n\t\t<h3>Em contrapartida, os utentes e os seus representantes comprometem-se a:<\/h3>\t<\/div>\r\n\t\t<\/div>\r\n<\/div>\t\t\t\t<\/div>\n\t\t\t\t<\/div>\n\t\t\t\t<div class=\"elementor-element elementor-element-57cccef elementor-widget elementor-widget-tm-ele-list\" data-id=\"57cccef\" data-element_type=\"widget\" data-e-type=\"widget\" data-widget_type=\"tm-ele-list.default\">\n\t\t\t\t<div class=\"elementor-widget-container\">\n\t\t\t\t\t<ul class=\"tm-sc-list \">\r\n\t<li class=\"\">\r\n\t\t\t\t<i aria-hidden=\"true\" class=\"far fa-check-circle\"><\/i>\t\t\t\t<span>\r\n\t<strong>Cumprimento de Regras:<\/strong> Observar as normas estabelecidas no Regulamento Interno e os hor\u00e1rios de funcionamento.<\/span><\/li>\t<li class=\"\">\r\n\t\t\t\t<i aria-hidden=\"true\" class=\"far fa-check-circle\"><\/i>\t\t\t\t<span>\r\n\t<strong>Pagamento:<\/strong> Efetuar o pagamento da comparticipa\u00e7\u00e3o mensal familiar nos prazos definidos.<\/span><\/li>\t<li class=\"\">\r\n\t\t\t\t<i aria-hidden=\"true\" class=\"far fa-check-circle\"><\/i>\t\t\t\t<span>\r\n\t<strong>Respeito:<\/strong> Tratar com respeito e urbanidade os funcion\u00e1rios, a dire\u00e7\u00e3o e os outros utentes da Institui\u00e7\u00e3o.<\/span><\/li>\t<li class=\"\">\r\n\t\t\t\t<i aria-hidden=\"true\" class=\"far fa-check-circle\"><\/i>\t\t\t\t<span>\r\n\t<strong>Zelo pelo Patrim\u00f3nio:<\/strong> Utilizar adequadamente e zelar pela conserva\u00e7\u00e3o das instala\u00e7\u00f5es e equipamentos da Institui\u00e7\u00e3o.<\/span><\/li>\t<li class=\"\">\r\n\t\t\t\t<i aria-hidden=\"true\" class=\"far fa-check-circle\"><\/i>\t\t\t\t<span>\r\n\t<strong>Informa\u00e7\u00e3o M\u00e9dica:<\/strong> Fornecer as informa\u00e7\u00f5es necess\u00e1rias sobre o estado de sa\u00fade e medica\u00e7\u00e3o para garantir um acompanhamento seguro.<\/span><\/li><\/ul>\t\t\t\t<\/div>\n\t\t\t\t<\/div>\n\t\t\t\t\t<\/div>\n\t\t\t\t<\/div>\n\t\t\t\t<\/div>\n\t\t","protected":false},"excerpt":{"rendered":"<p>Direitos S\u00e3o Direitos dos utentes Os utentes t\u00eam o direito de ser tratados com dignidade e respeito, o que inclui&#8230;<\/p>\n","protected":false},"author":1,"featured_media":0,"parent":0,"menu_order":0,"comment_status":"closed","ping_status":"closed","template":"","meta":{"om_disable_all_campaigns":false,"footnotes":""},"class_list":["post-89044","page","type-page","status-publish","hentry"],"aioseo_notices":[],"_links":{"self":[{"href":"https:\/\/abcrflagarinhos.org\/index.php?rest_route=\/wp\/v2\/pages\/89044","targetHints":{"allow":["GET"]}}],"collection":[{"href":"https:\/\/abcrflagarinhos.org\/index.php?rest_route=\/wp\/v2\/pages"}],"about":[{"href":"https:\/\/abcrflagarinhos.org\/index.php?rest_route=\/wp\/v2\/types\/page"}],"author":[{"embeddable":true,"href":"https:\/\/abcrflagarinhos.org\/index.php?rest_route=\/wp\/v2\/users\/1"}],"replies":[{"embeddable":true,"href":"https:\/\/abcrflagarinhos.org\/index.php?rest_route=%2Fwp%2Fv2%2Fcomments&post=89044"}],"version-history":[{"count":34,"href":"https:\/\/abcrflagarinhos.org\/index.php?rest_route=\/wp\/v2\/pages\/89044\/revisions"}],"predecessor-version":[{"id":89088,"href":"https:\/\/abcrflagarinhos.org\/index.php?rest_route=\/wp\/v2\/pages\/89044\/revisions\/89088"}],"wp:attachment":[{"href":"https:\/\/abcrflagarinhos.org\/index.php?rest_route=%2Fwp%2Fv2%2Fmedia&parent=89044"}],"curies":[{"name":"wp","href":"https:\/\/api.w.org\/{rel}","templated":true}]}}