{"id":788,"date":"2022-08-31T06:06:39","date_gmt":"2022-08-31T06:06:39","guid":{"rendered":"https:\/\/kodesolution.com\/2022\/fesho\/?page_id=788"},"modified":"2026-02-11T15:21:31","modified_gmt":"2026-02-11T15:21:31","slug":"blog-grid","status":"publish","type":"page","link":"https:\/\/abcrflagarinhos.org\/?page_id=788","title":{"rendered":"Noticias"},"content":{"rendered":"\t\t<div data-elementor-type=\"wp-page\" data-elementor-id=\"788\" class=\"elementor elementor-788\">\n\t\t\t\t\t\t<section class=\"elementor-section elementor-top-section elementor-element elementor-element-7bb4d41 elementor-section-stretched elementor-section-boxed elementor-section-height-default elementor-section-height-default\" data-id=\"7bb4d41\" data-element_type=\"section\" data-e-type=\"section\" data-settings=\"{&quot;stretch_section&quot;:&quot;section-stretched&quot;}\">\n\t\t\t\t\t\t<div class=\"elementor-container elementor-column-gap-extended\">\n\t\t\t\t\t<div class=\"elementor-column elementor-col-100 elementor-top-column elementor-element elementor-element-241e951 tm-bg-color-over-image\" data-id=\"241e951\" data-element_type=\"column\" data-e-type=\"column\">\n\t\t\t<div class=\"elementor-widget-wrap elementor-element-populated\">\n\t\t\t\t\t\t<div class=\"elementor-element elementor-element-6f0855e elementor-widget elementor-widget-tm-ele-blog\" data-id=\"6f0855e\" data-element_type=\"widget\" data-e-type=\"widget\" data-widget_type=\"tm-ele-blog.skin-style-current-theme2\">\n\t\t\t\t<div class=\"elementor-widget-container\">\n\t\t\t\t\t\t<div class=\"tm-sc-blog tm-sc-blog-grid \">\r\n\t\t\r\n\t\r\n\t\t<!-- Isotope Gallery Grid -->\r\n\t\t<div id=\"blog-holder-337186\" class=\"isotope-layout grid-3 gutter-10 clearfix\">\r\n\t\t\t<div class=\"isotope-layout-inner\">\r\n\r\n\t\t\t\t<!-- the loop -->\r\n\t\t\t\t\t\t\t\t\t\t\t\t\t\t\t\t<div class=\"isotope-item senior-care\">\r\n\t\t\t\t\t<div class=\"isotope-item-inner \" data-wow-delay=\"\">\r\n\t\t\t\t\t\t<article class=\"post-1 post type-post status-publish format-standard has-post-thumbnail hentry category-senior-care\">\r\n\t<!-- News Block Style2 -->\r\n<div class=\"blog-item-current-style2\">\r\n\r\n\t\t\t<div class=\"entry-header\">\r\n\t\t\t<div class=\"post-thumb lightgallery-lightbox\">\r\n\t\r\n\t<div class=\"post-thumb-inner\">\r\n\t\t<div class=\"thumb\">\r\n\t\t\t<img fetchpriority=\"high\" decoding=\"async\" src=\"https:\/\/abcrflagarinhos.org\/wp-content\/uploads\/2026\/01\/images.jpg\" width=\"300\" height=\"168\" alt=\"Uma associa\u00e7\u00e3o que faz a diferen\u00e7a\"\/>\r\n\t\t<\/div>\r\n\t<\/div>\r\n\t<\/div>\t\t\t\t\t\t\t\t\t\t\t\t<\/div>\r\n\t\r\n  <div class=\"entry-content\">\r\n          <div class=\"title-holder\">\r\n        <h4 class=\"entry-title\"><a href=\"https:\/\/abcrflagarinhos.org\/?p=1\" rel=\"bookmark\">Uma associa\u00e7\u00e3o que faz a diferen\u00e7a<\/a><\/h4>      <\/div>\r\n              <div class=\"post-excerpt\">\r\n                  <div class=\"mascot-post-excerpt\">Uma associa\u00e7\u00e3o que faz a diferen\u00e7a: o papel da<\/div>              <\/div>\r\n        \t\t\t\t<ul class=\"entry-meta list-inline\">\r\n\t\t\t\t<li class=\"list-inline-item posted-date\"><i class=\"fa fa-calendar-o\"><\/i> <a href=\"https:\/\/abcrflagarinhos.org\/?p=1\" rel=\"bookmark\"><time class=\"entry-date published updated\" datetime=\"2025-12-30T17:44:22+00:00\">30 de Dezembro, 2025<\/time><\/a><\/li>\r\n\t\t\t\t<li class=\"list-inline-item comments\"><i class=\"fa fa-comments-o\"><\/i> <a href=\"https:\/\/abcrflagarinhos.org\/?p=1#comments\">1 Comment<\/a><\/li>\r\n\t\t<\/ul>\r\n\t\t\t  <\/div>\r\n  <div class=\"clearfix\"><\/div>\r\n<\/div><\/article>\t\t\t\t\t<\/div>\r\n\t\t\t\t<\/div>\r\n\t\t\t\t\t\t\t\t\t\t\t\t\t\t\t\t<div class=\"isotope-item senior-care\">\r\n\t\t\t\t\t<div class=\"isotope-item-inner \" data-wow-delay=\"\">\r\n\t\t\t\t\t\t<article class=\"post-772 post type-post status-publish format-standard has-post-thumbnail hentry category-senior-care tag-health\">\r\n\t<!-- News Block Style2 -->\r\n<div class=\"blog-item-current-style2\">\r\n\r\n\t\t\t<div class=\"entry-header\">\r\n\t\t\t<div class=\"post-thumb lightgallery-lightbox\">\r\n\t\r\n\t<div class=\"post-thumb-inner\">\r\n\t\t<div class=\"thumb\">\r\n\t\t\t<img decoding=\"async\" src=\"https:\/\/abcrflagarinhos.org\/wp-content\/uploads\/2023\/09\/Untitled-4-3-672x448.jpg\" width=\"672\" height=\"448\" alt=\"O futuro \u00e9 mais tranquilo quando existe apoio e acompanhamento\"\/>\r\n\t\t<\/div>\r\n\t<\/div>\r\n\t<\/div>\t\t\t\t\t\t\t\t\t\t\t\t<\/div>\r\n\t\r\n  <div class=\"entry-content\">\r\n          <div class=\"title-holder\">\r\n        <h4 class=\"entry-title\"><a href=\"https:\/\/abcrflagarinhos.org\/?p=772\" rel=\"bookmark\">O futuro \u00e9 mais tranquilo quando existe apoio e acompanhamento<\/a><\/h4>      <\/div>\r\n              <div class=\"post-excerpt\">\r\n                  <div class=\"mascot-post-excerpt\">Sempre dispon\u00edveis para apoiar com carinho e paix\u00e3o.<\/div>              <\/div>\r\n        \t\t\t\t<ul class=\"entry-meta list-inline\">\r\n\t\t\t\t<li class=\"list-inline-item posted-date\"><i class=\"fa fa-calendar-o\"><\/i> <a href=\"https:\/\/abcrflagarinhos.org\/?p=772\" rel=\"bookmark\"><time class=\"entry-date published updated\" datetime=\"2023-01-31T05:04:24+00:00\">31 de Janeiro, 2023<\/time><\/a><\/li>\r\n\t\t\t\t<li class=\"list-inline-item comments\"><i class=\"fa fa-comments-o\"><\/i> <a href=\"https:\/\/abcrflagarinhos.org\/?p=772#comments\">1 Comment<\/a><\/li>\r\n\t\t<\/ul>\r\n\t\t\t  <\/div>\r\n  <div class=\"clearfix\"><\/div>\r\n<\/div><\/article>\t\t\t\t\t<\/div>\r\n\t\t\t\t<\/div>\r\n\t\t\t\t\t\t\t\t\t\t\t\t\t\t\t\t<div class=\"isotope-item senior-care\">\r\n\t\t\t\t\t<div class=\"isotope-item-inner \" data-wow-delay=\"\">\r\n\t\t\t\t\t\t<article class=\"post-771 post type-post status-publish format-standard has-post-thumbnail hentry category-senior-care tag-centro-dia tag-idosos tag-senior-care\">\r\n\t<!-- News Block Style2 -->\r\n<div class=\"blog-item-current-style2\">\r\n\r\n\t\t\t<div class=\"entry-header\">\r\n\t\t\t<div class=\"post-thumb lightgallery-lightbox\">\r\n\t\r\n\t<div class=\"post-thumb-inner\">\r\n\t\t<div class=\"thumb\">\r\n\t\t\t<img decoding=\"async\" src=\"https:\/\/abcrflagarinhos.org\/wp-content\/uploads\/2023\/08\/sl-2-3-672x448.jpg\" width=\"672\" height=\"448\" alt=\"Cuidar, acompanhar e promover o bem-estar todos os dias\"\/>\r\n\t\t<\/div>\r\n\t<\/div>\r\n\t<\/div>\t\t\t\t\t\t\t\t\t\t\t\t<\/div>\r\n\t\r\n  <div class=\"entry-content\">\r\n          <div class=\"title-holder\">\r\n        <h4 class=\"entry-title\"><a href=\"https:\/\/abcrflagarinhos.org\/?p=771\" rel=\"bookmark\">Cuidar, acompanhar e promover o bem-estar todos os dias<\/a><\/h4>      <\/div>\r\n              <div class=\"post-excerpt\">\r\n                  <div class=\"mascot-post-excerpt\">There are many dictim variations of simply free text<\/div>              <\/div>\r\n        \t\t\t\t<ul class=\"entry-meta list-inline\">\r\n\t\t\t\t<li class=\"list-inline-item posted-date\"><i class=\"fa fa-calendar-o\"><\/i> <a href=\"https:\/\/abcrflagarinhos.org\/?p=771\" rel=\"bookmark\"><time class=\"entry-date published updated\" datetime=\"2023-01-31T05:00:48+00:00\">31 de Janeiro, 2023<\/time><\/a><\/li>\r\n\t\t\t\t<li class=\"list-inline-item comments\"><i class=\"fa fa-comments-o\"><\/i> <a href=\"https:\/\/abcrflagarinhos.org\/?p=771#comments\">1 Comment<\/a><\/li>\r\n\t\t<\/ul>\r\n\t\t\t  <\/div>\r\n  <div class=\"clearfix\"><\/div>\r\n<\/div><\/article>\t\t\t\t\t<\/div>\r\n\t\t\t\t<\/div>\r\n\t\t\t\t\t\t\t\t\t\t\t\t\t\t\t\t<div class=\"isotope-item senior-care\">\r\n\t\t\t\t\t<div class=\"isotope-item-inner \" data-wow-delay=\"\">\r\n\t\t\t\t\t\t<article class=\"post-671 post type-post status-publish format-standard has-post-thumbnail hentry category-senior-care tag-centro-dia tag-senior\">\r\n\t<!-- News Block Style2 -->\r\n<div class=\"blog-item-current-style2\">\r\n\r\n\t\t\t<div class=\"entry-header\">\r\n\t\t\t<div class=\"post-thumb lightgallery-lightbox\">\r\n\t\r\n\t<div class=\"post-thumb-inner\">\r\n\t\t<div class=\"thumb\">\r\n\t\t\t<img loading=\"lazy\" decoding=\"async\" src=\"https:\/\/abcrflagarinhos.org\/wp-content\/uploads\/2026\/01\/38de0ddf-e0fd-4e49-af90-2ac8311061b5-672x448.png\" width=\"672\" height=\"448\" alt=\"Apoio ao cuidado domicili\u00e1rio\"\/>\r\n\t\t<\/div>\r\n\t<\/div>\r\n\t<\/div>\t\t\t\t\t\t\t\t\t\t\t\t<\/div>\r\n\t\r\n  <div class=\"entry-content\">\r\n          <div class=\"title-holder\">\r\n        <h4 class=\"entry-title\"><a href=\"https:\/\/abcrflagarinhos.org\/?p=671\" rel=\"bookmark\">Apoio ao cuidado domicili\u00e1rio<\/a><\/h4>      <\/div>\r\n              <div class=\"post-excerpt\">\r\n                  <div class=\"mascot-post-excerpt\">Apoio domicili\u00e1rio com cuidados personalizados, garantindo conforto, seguran\u00e7a e<\/div>              <\/div>\r\n        \t\t\t\t<ul class=\"entry-meta list-inline\">\r\n\t\t\t\t<li class=\"list-inline-item posted-date\"><i class=\"fa fa-calendar-o\"><\/i> <a href=\"https:\/\/abcrflagarinhos.org\/?p=671\" rel=\"bookmark\"><time class=\"entry-date published updated\" datetime=\"2023-01-28T08:29:17+00:00\">28 de Janeiro, 2023<\/time><\/a><\/li>\r\n\t\t\t\t<li class=\"list-inline-item comments\"><i class=\"fa fa-comments-o\"><\/i> <a href=\"https:\/\/abcrflagarinhos.org\/?p=671#comments\">1 Comment<\/a><\/li>\r\n\t\t<\/ul>\r\n\t\t\t  <\/div>\r\n  <div class=\"clearfix\"><\/div>\r\n<\/div><\/article>\t\t\t\t\t<\/div>\r\n\t\t\t\t<\/div>\r\n\t\t\t\t\t\t\t\t<!-- end of the loop -->\r\n\t\t\t<\/div>\r\n\t\t<\/div>\r\n\t\t\t<\/div>\r\n\r\n\r\n\t\t\t\t<\/div>\n\t\t\t\t<\/div>\n\t\t\t\t\t<\/div>\n\t\t<\/div>\n\t\t\t\t\t<\/div>\n\t\t<\/section>\n\t\t\t\t<\/div>\n\t\t","protected":false},"excerpt":{"rendered":"<p>January 31, 2023 1 Comment New Caring Thoughts You Can Fundraise Sit amet consectete adipising elit wedo eiusmod temeidiunt laboret&#8230;<\/p>\n","protected":false},"author":1,"featured_media":0,"parent":0,"menu_order":0,"comment_status":"closed","ping_status":"closed","template":"","meta":{"om_disable_all_campaigns":false,"footnotes":""},"class_list":["post-788","page","type-page","status-publish","hentry"],"aioseo_notices":[],"_links":{"self":[{"href":"https:\/\/abcrflagarinhos.org\/index.php?rest_route=\/wp\/v2\/pages\/788","targetHints":{"allow":["GET"]}}],"collection":[{"href":"https:\/\/abcrflagarinhos.org\/index.php?rest_route=\/wp\/v2\/pages"}],"about":[{"href":"https:\/\/abcrflagarinhos.org\/index.php?rest_route=\/wp\/v2\/types\/page"}],"author":[{"embeddable":true,"href":"https:\/\/abcrflagarinhos.org\/index.php?rest_route=\/wp\/v2\/users\/1"}],"replies":[{"embeddable":true,"href":"https:\/\/abcrflagarinhos.org\/index.php?rest_route=%2Fwp%2Fv2%2Fcomments&post=788"}],"version-history":[{"count":1,"href":"https:\/\/abcrflagarinhos.org\/index.php?rest_route=\/wp\/v2\/pages\/788\/revisions"}],"predecessor-version":[{"id":90857,"href":"https:\/\/abcrflagarinhos.org\/index.php?rest_route=\/wp\/v2\/pages\/788\/revisions\/90857"}],"wp:attachment":[{"href":"https:\/\/abcrflagarinhos.org\/index.php?rest_route=%2Fwp%2Fv2%2Fmedia&parent=788"}],"curies":[{"name":"wp","href":"https:\/\/api.w.org\/{rel}","templated":true}]}}