{"id":4477,"date":"2022-09-06T11:28:12","date_gmt":"2022-09-06T11:28:12","guid":{"rendered":"https:\/\/kodesolution.com\/2022\/fesho\/?page_id=4477"},"modified":"2026-03-22T13:44:58","modified_gmt":"2026-03-22T13:44:58","slug":"team-grid","status":"publish","type":"page","link":"https:\/\/abcrflagarinhos.org\/?page_id=4477","title":{"rendered":"\u00d3rg\u00e3os Sociais"},"content":{"rendered":"\t\t<div data-elementor-type=\"wp-page\" data-elementor-id=\"4477\" class=\"elementor elementor-4477\">\n\t\t\t\t<div class=\"elementor-element elementor-element-d1b1070 e-con-full e-flex tm-col-stretched-none tm-bg-color-over-image e-con e-parent\" data-id=\"d1b1070\" data-element_type=\"container\" data-e-type=\"container\">\n\t\t\t\t<div class=\"elementor-element elementor-element-8a4a385 horizontal-line-align-center vertical-line-align-bottom elementor-widget elementor-widget-tm-ele-section-title\" data-id=\"8a4a385\" data-element_type=\"widget\" data-e-type=\"widget\" data-widget_type=\"tm-ele-section-title.default\">\n\t\t\t\t<div class=\"elementor-widget-container\">\n\t\t\t\t\t<div class=\"tm-sc-section-title section-title \">\r\n\t<div class=\"title-wrapper\">\r\n\t\t\t\t\r\n\r\n<div class=\"sub-title-outer\">\r\n\t\t<div class=\"subtitle \">\r\n\r\n\t\t\r\n\t\tEstrutura de governa\u00e7\u00e3o da Associa\u00e7\u00e3o\t<\/div>\r\n\t<\/div>\t\t\t<h2 class=\"title \">\r\n\r\n\t\t\r\n\t\t\t\t<span class=\"title-part1 \">\u00d3rg\u00e3os Sociais<\/span>\r\n\t\t\t\t\r\n\t\t\r\n\t<\/h2>\r\n\t<div class=\"title-seperator-line\"><\/div>\t\t\t\t\t\t<div class=\"paragraph\">\r\n\t\t<p>\u00d3rg\u00e3os que asseguram a gest\u00e3o, transpar\u00eancia e bom funcionamento da Associa\u00e7\u00e3o.<\/p>\t<\/div>\r\n\t\t<\/div>\r\n<\/div>\t\t\t\t<\/div>\n\t\t\t\t<\/div>\n\t\t<div class=\"elementor-element elementor-element-498788e tm-col-stretched-none e-flex e-con-boxed tm-bg-color-over-image e-con e-child\" data-id=\"498788e\" data-element_type=\"container\" data-e-type=\"container\">\n\t\t\t\t\t<div class=\"e-con-inner\">\n\t\t<div class=\"elementor-element elementor-element-7f30efa e-con-full tm-col-stretched-none e-flex tm-bg-color-over-image e-con e-child\" data-id=\"7f30efa\" data-element_type=\"container\" data-e-type=\"container\">\n\t\t<div class=\"elementor-element elementor-element-a576f88 tm-col-stretched-none e-con-full e-flex tm-bg-color-over-image e-con e-child\" data-id=\"a576f88\" data-element_type=\"container\" data-e-type=\"container\">\n\t\t\t\t<div class=\"elementor-element elementor-element-633d02e elementor-widget elementor-widget-tm-ele-iconbox\" data-id=\"633d02e\" data-element_type=\"widget\" data-e-type=\"widget\" data-widget_type=\"tm-ele-iconbox.default\">\n\t\t\t\t<div class=\"elementor-widget-container\">\n\t\t\t\t\t<div class=\"tm-sc-icon-box icon-box icon-top image responsive-tablet responsive-mobile icon-top animate-hover icon-rotate-y\">\r\n\t\r\n  \t<div class=\"icon-box-wrapper\">\r\n\t\t\r\n\t\t<div class=\"icon-wrapper\">\r\n\t\t<div class=\"icon icon-round icon-type-image icon-md\">\r\n\t\t\t<img fetchpriority=\"high\" decoding=\"async\" src=\"https:\/\/abcrflagarinhos.org\/wp-content\/uploads\/2026\/01\/2f646a6a-5761-43c8-ae4b-408d5e5c545e-550x1024.png\" width=\"550\" height=\"1024\" alt=\"image\">\t\t<\/div>\r\n\r\n\t\t\t<\/div>\r\n\t\t\t<div class=\"icon-text\">\r\n\t\t\t\t\t\t\r\n\t\t\t\t<h2 class=\"icon-box-title \">\r\n\t\t\t\t\t\t\tDire\u00e7\u00e3o da Associa\u00e7\u00e3o\t\t\t\t\t<\/h2>\r\n\t\t\t\t\t<div class=\"content\"><\/div>\r\n\t\t\t\r\n\t\t\t\r\n\t\r\n\t\t\t\t\t<\/div>\r\n\t\t<div class=\"clearfix\"><\/div>\r\n\t<\/div>\r\n<\/div>\t\t\t\t<\/div>\n\t\t\t\t<\/div>\n\t\t\t\t<\/div>\n\t\t<div class=\"elementor-element elementor-element-fbe060c tm-col-stretched-none e-con-full e-flex tm-bg-color-over-image e-con e-child\" data-id=\"fbe060c\" data-element_type=\"container\" data-e-type=\"container\">\n\t\t\t\t<div class=\"elementor-element elementor-element-9a3b687 horizontal-line-align-center vertical-line-align-bottom elementor-widget elementor-widget-tm-ele-section-title\" data-id=\"9a3b687\" data-element_type=\"widget\" data-e-type=\"widget\" data-widget_type=\"tm-ele-section-title.default\">\n\t\t\t\t<div class=\"elementor-widget-container\">\n\t\t\t\t\t<div class=\"tm-sc-section-title section-title \">\r\n\t<div class=\"title-wrapper\">\r\n\t\t\t\t\t\t\t<h4 class=\"title \">\r\n\r\n\t\t\r\n\t\t\t\t<span class=\"title-part1 \">Catarina Alexandra Mota Borges<\/span>\r\n\t\t\t\t\r\n\t\t\r\n\t<\/h4>\r\n\t<div class=\"title-seperator-line\"><\/div>\t\t\r\n\r\n<div class=\"sub-title-outer\">\r\n\t\t<div class=\"subtitle \">\r\n\r\n\t\t\r\n\t\tPresidente\t<\/div>\r\n\t<\/div>\t\t\t\t<\/div>\r\n<\/div>\t\t\t\t<\/div>\n\t\t\t\t<\/div>\n\t\t\t\t<div class=\"elementor-element elementor-element-69e9675 horizontal-line-align-center vertical-line-align-bottom elementor-widget elementor-widget-tm-ele-section-title\" data-id=\"69e9675\" data-element_type=\"widget\" data-e-type=\"widget\" data-widget_type=\"tm-ele-section-title.default\">\n\t\t\t\t<div class=\"elementor-widget-container\">\n\t\t\t\t\t<div class=\"tm-sc-section-title section-title \">\r\n\t<div class=\"title-wrapper\">\r\n\t\t\t\t\t\t\t<h4 class=\"title \">\r\n\r\n\t\t\r\n\t\t\t\t<span class=\"title-part1 \">Elisabete Cristina Lopes Sousa<\/span>\r\n\t\t\t\t\r\n\t\t\r\n\t<\/h4>\r\n\t<div class=\"title-seperator-line\"><\/div>\t\t\r\n\r\n<div class=\"sub-title-outer\">\r\n\t\t<div class=\"subtitle \">\r\n\r\n\t\t\r\n\t\tVice-Presidente\t<\/div>\r\n\t<\/div>\t\t\t\t<\/div>\r\n<\/div>\t\t\t\t<\/div>\n\t\t\t\t<\/div>\n\t\t\t\t<div class=\"elementor-element elementor-element-8c53807 horizontal-line-align-center vertical-line-align-bottom elementor-widget elementor-widget-tm-ele-section-title\" data-id=\"8c53807\" data-element_type=\"widget\" data-e-type=\"widget\" data-widget_type=\"tm-ele-section-title.default\">\n\t\t\t\t<div class=\"elementor-widget-container\">\n\t\t\t\t\t<div class=\"tm-sc-section-title section-title \">\r\n\t<div class=\"title-wrapper\">\r\n\t\t\t\t\t\t\t<h4 class=\"title \">\r\n\r\n\t\t\r\n\t\t\t\t<span class=\"title-part1 \">Ana Raquel Gomes Dias<\/span>\r\n\t\t\t\t\r\n\t\t\r\n\t<\/h4>\r\n\t<div class=\"title-seperator-line\"><\/div>\t\t\r\n\r\n<div class=\"sub-title-outer\">\r\n\t\t<div class=\"subtitle \">\r\n\r\n\t\t\r\n\t\tSecret\u00e1rio\t<\/div>\r\n\t<\/div>\t\t\t\t<\/div>\r\n<\/div>\t\t\t\t<\/div>\n\t\t\t\t<\/div>\n\t\t\t\t<div class=\"elementor-element elementor-element-cbee2ad horizontal-line-align-center vertical-line-align-bottom elementor-widget elementor-widget-tm-ele-section-title\" data-id=\"cbee2ad\" data-element_type=\"widget\" data-e-type=\"widget\" data-widget_type=\"tm-ele-section-title.default\">\n\t\t\t\t<div class=\"elementor-widget-container\">\n\t\t\t\t\t<div class=\"tm-sc-section-title section-title \">\r\n\t<div class=\"title-wrapper\">\r\n\t\t\t\t\t\t\t<h4 class=\"title \">\r\n\r\n\t\t\r\n\t\t\t\t<span class=\"title-part1 \">Paula Cristina Pinto Mendes<\/span>\r\n\t\t\t\t\r\n\t\t\r\n\t<\/h4>\r\n\t<div class=\"title-seperator-line\"><\/div>\t\t\r\n\r\n<div class=\"sub-title-outer\">\r\n\t\t<div class=\"subtitle \">\r\n\r\n\t\t\r\n\t\tTesoureiro\t<\/div>\r\n\t<\/div>\t\t\t\t<\/div>\r\n<\/div>\t\t\t\t<\/div>\n\t\t\t\t<\/div>\n\t\t\t\t<div class=\"elementor-element elementor-element-98e8213 horizontal-line-align-center vertical-line-align-bottom elementor-widget elementor-widget-tm-ele-section-title\" data-id=\"98e8213\" data-element_type=\"widget\" data-e-type=\"widget\" data-widget_type=\"tm-ele-section-title.default\">\n\t\t\t\t<div class=\"elementor-widget-container\">\n\t\t\t\t\t<div class=\"tm-sc-section-title section-title \">\r\n\t<div class=\"title-wrapper\">\r\n\t\t\t\t\t\t\t<h4 class=\"title \">\r\n\r\n\t\t\r\n\t\t\t\t<span class=\"title-part1 \">Ana Cristina Vicente Marques<\/span>\r\n\t\t\t\t\r\n\t\t\r\n\t<\/h4>\r\n\t<div class=\"title-seperator-line\"><\/div>\t\t\r\n\r\n<div class=\"sub-title-outer\">\r\n\t\t<div class=\"subtitle \">\r\n\r\n\t\t\r\n\t\tVogal\t<\/div>\r\n\t<\/div>\t\t\t\t<\/div>\r\n<\/div>\t\t\t\t<\/div>\n\t\t\t\t<\/div>\n\t\t\t\t<div class=\"elementor-element elementor-element-71f3572 horizontal-line-align-center vertical-line-align-bottom elementor-widget elementor-widget-tm-ele-section-title\" data-id=\"71f3572\" data-element_type=\"widget\" data-e-type=\"widget\" data-widget_type=\"tm-ele-section-title.default\">\n\t\t\t\t<div class=\"elementor-widget-container\">\n\t\t\t\t\t<div class=\"tm-sc-section-title section-title \">\r\n\t<div class=\"title-wrapper\">\r\n\t\t\t\t\t\t\t<h4 class=\"title \">\r\n\r\n\t\t\r\n\t\t\t\t<span class=\"title-part1 \">Tiago Manuel de Sousa Carvalho<\/span>\r\n\t\t\t\t\r\n\t\t\r\n\t<\/h4>\r\n\t<div class=\"title-seperator-line\"><\/div>\t\t\r\n\r\n<div class=\"sub-title-outer\">\r\n\t\t<div class=\"subtitle \">\r\n\r\n\t\t\r\n\t\tSuplente\t<\/div>\r\n\t<\/div>\t\t\t\t<\/div>\r\n<\/div>\t\t\t\t<\/div>\n\t\t\t\t<\/div>\n\t\t\t\t<div class=\"elementor-element elementor-element-3b36f94 horizontal-line-align-center vertical-line-align-bottom elementor-widget elementor-widget-tm-ele-section-title\" data-id=\"3b36f94\" data-element_type=\"widget\" data-e-type=\"widget\" data-widget_type=\"tm-ele-section-title.default\">\n\t\t\t\t<div class=\"elementor-widget-container\">\n\t\t\t\t\t<div class=\"tm-sc-section-title section-title \">\r\n\t<div class=\"title-wrapper\">\r\n\t\t\t\t\t\t\t<h4 class=\"title \">\r\n\r\n\t\t\r\n\t\t\t\t<span class=\"title-part1 \">Jo\u00e3o Carlos Bento Figueiredo<\/span>\r\n\t\t\t\t\r\n\t\t\r\n\t<\/h4>\r\n\t<div class=\"title-seperator-line\"><\/div>\t\t\r\n\r\n<div class=\"sub-title-outer\">\r\n\t\t<div class=\"subtitle \">\r\n\r\n\t\t\r\n\t\tSuplente\t<\/div>\r\n\t<\/div>\t\t\t\t<\/div>\r\n<\/div>\t\t\t\t<\/div>\n\t\t\t\t<\/div>\n\t\t\t\t<div class=\"elementor-element elementor-element-aa117a4 horizontal-line-align-center vertical-line-align-bottom elementor-widget elementor-widget-tm-ele-section-title\" data-id=\"aa117a4\" data-element_type=\"widget\" data-e-type=\"widget\" data-widget_type=\"tm-ele-section-title.default\">\n\t\t\t\t<div class=\"elementor-widget-container\">\n\t\t\t\t\t<div class=\"tm-sc-section-title section-title \">\r\n\t<div class=\"title-wrapper\">\r\n\t\t\t\t\t\t\t<h4 class=\"title \">\r\n\r\n\t\t\r\n\t\t\t\t<span class=\"title-part1 \">Manuel Lopes de Carvalho<\/span>\r\n\t\t\t\t\r\n\t\t\r\n\t<\/h4>\r\n\t<div class=\"title-seperator-line\"><\/div>\t\t\r\n\r\n<div class=\"sub-title-outer\">\r\n\t\t<div class=\"subtitle \">\r\n\r\n\t\t\r\n\t\tSuplente\t<\/div>\r\n\t<\/div>\t\t\t\t<\/div>\r\n<\/div>\t\t\t\t<\/div>\n\t\t\t\t<\/div>\n\t\t\t\t<div class=\"elementor-element elementor-element-09bca14 horizontal-line-align-center vertical-line-align-bottom elementor-widget elementor-widget-tm-ele-section-title\" data-id=\"09bca14\" data-element_type=\"widget\" data-e-type=\"widget\" data-widget_type=\"tm-ele-section-title.default\">\n\t\t\t\t<div class=\"elementor-widget-container\">\n\t\t\t\t\t<div class=\"tm-sc-section-title section-title \">\r\n\t<div class=\"title-wrapper\">\r\n\t\t\t\t\t\t\t<h4 class=\"title \">\r\n\r\n\t\t\r\n\t\t\t\t<span class=\"title-part1 \">Jos\u00e9 Borges Vicente<\/span>\r\n\t\t\t\t\r\n\t\t\r\n\t<\/h4>\r\n\t<div class=\"title-seperator-line\"><\/div>\t\t\r\n\r\n<div class=\"sub-title-outer\">\r\n\t\t<div class=\"subtitle \">\r\n\r\n\t\t\r\n\t\tSuplente\t<\/div>\r\n\t<\/div>\t\t\t\t<\/div>\r\n<\/div>\t\t\t\t<\/div>\n\t\t\t\t<\/div>\n\t\t\t\t<div class=\"elementor-element elementor-element-e1066ef horizontal-line-align-center vertical-line-align-bottom elementor-widget elementor-widget-tm-ele-section-title\" data-id=\"e1066ef\" data-element_type=\"widget\" data-e-type=\"widget\" data-widget_type=\"tm-ele-section-title.default\">\n\t\t\t\t<div class=\"elementor-widget-container\">\n\t\t\t\t\t<div class=\"tm-sc-section-title section-title \">\r\n\t<div class=\"title-wrapper\">\r\n\t\t\t\t\t\t\t<h4 class=\"title \">\r\n\r\n\t\t\r\n\t\t\t\t<span class=\"title-part1 \">Maria Lu\u00edsa Santos Marques Cabral<\/span>\r\n\t\t\t\t\r\n\t\t\r\n\t<\/h4>\r\n\t<div class=\"title-seperator-line\"><\/div>\t\t\r\n\r\n<div class=\"sub-title-outer\">\r\n\t\t<div class=\"subtitle \">\r\n\r\n\t\t\r\n\t\tSuplente\t<\/div>\r\n\t<\/div>\t\t\t\t<\/div>\r\n<\/div>\t\t\t\t<\/div>\n\t\t\t\t<\/div>\n\t\t\t\t<\/div>\n\t\t\t\t<\/div>\n\t\t<div class=\"elementor-element elementor-element-e892b18 e-con-full tm-col-stretched-none e-flex tm-bg-color-over-image e-con e-child\" data-id=\"e892b18\" data-element_type=\"container\" data-e-type=\"container\">\n\t\t<div class=\"elementor-element elementor-element-a652670 e-con-full e-flex tm-col-stretched-none tm-bg-color-over-image e-con e-child\" data-id=\"a652670\" data-element_type=\"container\" data-e-type=\"container\">\n\t\t\t\t<div class=\"elementor-element elementor-element-deb93ec elementor-widget elementor-widget-tm-ele-iconbox\" data-id=\"deb93ec\" data-element_type=\"widget\" data-e-type=\"widget\" data-widget_type=\"tm-ele-iconbox.default\">\n\t\t\t\t<div class=\"elementor-widget-container\">\n\t\t\t\t\t<div class=\"tm-sc-icon-box icon-box icon-top image icon-default responsive-tablet responsive-mobile icon-top animate-hover icon-rotate-y\">\r\n\t\r\n  \t<div class=\"icon-box-wrapper\">\r\n\t\t\r\n\t\t<div class=\"icon-wrapper\">\r\n\t\t<div class=\"icon icon-round icon-type-image icon-md\">\r\n\t\t\t<img decoding=\"async\" src=\"https:\/\/abcrflagarinhos.org\/wp-content\/uploads\/2026\/01\/e059da4d-21b6-4846-91e5-fe618534db6b-550x1024.png\" width=\"550\" height=\"1024\" alt=\"image\">\t\t<\/div>\r\n\r\n\t\t\t<\/div>\r\n\t\t\t<div class=\"icon-text\">\r\n\t\t\t\t\t\t\r\n\t\t\t\t<h2 class=\"icon-box-title \">\r\n\t\t\t\t\t\t\tConcelho Fiscal\t\t\t\t\t<\/h2>\r\n\t\t\t\t\t<div class=\"content\"><\/div>\r\n\t\t\t\r\n\t\t\t\r\n\t\r\n\t\t\t\t\t<\/div>\r\n\t\t<div class=\"clearfix\"><\/div>\r\n\t<\/div>\r\n<\/div>\t\t\t\t<\/div>\n\t\t\t\t<\/div>\n\t\t\t\t<\/div>\n\t\t<div class=\"elementor-element elementor-element-bccc4ef e-con-full e-flex tm-col-stretched-none tm-bg-color-over-image e-con e-child\" data-id=\"bccc4ef\" data-element_type=\"container\" data-e-type=\"container\">\n\t\t\t\t<div class=\"elementor-element elementor-element-897062c horizontal-line-align-center vertical-line-align-bottom elementor-widget elementor-widget-tm-ele-section-title\" data-id=\"897062c\" data-element_type=\"widget\" data-e-type=\"widget\" data-widget_type=\"tm-ele-section-title.default\">\n\t\t\t\t<div class=\"elementor-widget-container\">\n\t\t\t\t\t<div class=\"tm-sc-section-title section-title \">\r\n\t<div class=\"title-wrapper\">\r\n\t\t\t\t\t\t\t<h4 class=\"title \">\r\n\r\n\t\t\r\n\t\t\t\t<span class=\"title-part1 \">Rog\u00e9rio Figueiredo Correia<\/span>\r\n\t\t\t\t\r\n\t\t\r\n\t<\/h4>\r\n\t<div class=\"title-seperator-line\"><\/div>\t\t\r\n\r\n<div class=\"sub-title-outer\">\r\n\t\t<div class=\"subtitle \">\r\n\r\n\t\t\r\n\t\tPresidente\t<\/div>\r\n\t<\/div>\t\t\t\t<\/div>\r\n<\/div>\t\t\t\t<\/div>\n\t\t\t\t<\/div>\n\t\t\t\t<div class=\"elementor-element elementor-element-79f036d horizontal-line-align-center vertical-line-align-bottom elementor-widget elementor-widget-tm-ele-section-title\" data-id=\"79f036d\" data-element_type=\"widget\" data-e-type=\"widget\" data-widget_type=\"tm-ele-section-title.default\">\n\t\t\t\t<div class=\"elementor-widget-container\">\n\t\t\t\t\t<div class=\"tm-sc-section-title section-title \">\r\n\t<div class=\"title-wrapper\">\r\n\t\t\t\t\t\t\t<h4 class=\"title \">\r\n\r\n\t\t\r\n\t\t\t\t<span class=\"title-part1 \">Jos\u00e9 Fernando Pimenta Nogueira<\/span>\r\n\t\t\t\t\r\n\t\t\r\n\t<\/h4>\r\n\t<div class=\"title-seperator-line\"><\/div>\t\t\r\n\r\n<div class=\"sub-title-outer\">\r\n\t\t<div class=\"subtitle \">\r\n\r\n\t\t\r\n\t\t1\u00ba Vogal\t<\/div>\r\n\t<\/div>\t\t\t\t<\/div>\r\n<\/div>\t\t\t\t<\/div>\n\t\t\t\t<\/div>\n\t\t\t\t<div class=\"elementor-element elementor-element-a3c0566 horizontal-line-align-center vertical-line-align-bottom elementor-widget elementor-widget-tm-ele-section-title\" data-id=\"a3c0566\" data-element_type=\"widget\" data-e-type=\"widget\" data-widget_type=\"tm-ele-section-title.default\">\n\t\t\t\t<div class=\"elementor-widget-container\">\n\t\t\t\t\t<div class=\"tm-sc-section-title section-title \">\r\n\t<div class=\"title-wrapper\">\r\n\t\t\t\t\t\t\t<h4 class=\"title \">\r\n\r\n\t\t\r\n\t\t\t\t<span class=\"title-part1 \">Filipe da Silva Bas\u00edlio Leit\u00e3o<\/span>\r\n\t\t\t\t\r\n\t\t\r\n\t<\/h4>\r\n\t<div class=\"title-seperator-line\"><\/div>\t\t\r\n\r\n<div class=\"sub-title-outer\">\r\n\t\t<div class=\"subtitle \">\r\n\r\n\t\t\r\n\t\t2\u00ba Vogal\t<\/div>\r\n\t<\/div>\t\t\t\t<\/div>\r\n<\/div>\t\t\t\t<\/div>\n\t\t\t\t<\/div>\n\t\t\t\t<\/div>\n\t\t\t\t<\/div>\n\t\t<div class=\"elementor-element elementor-element-bd9f223 e-con-full tm-col-stretched-none e-flex tm-bg-color-over-image e-con e-child\" data-id=\"bd9f223\" data-element_type=\"container\" data-e-type=\"container\">\n\t\t<div class=\"elementor-element elementor-element-74be000 e-con-full tm-col-stretched-none e-flex tm-bg-color-over-image e-con e-child\" data-id=\"74be000\" data-element_type=\"container\" data-e-type=\"container\">\n\t\t\t\t<div class=\"elementor-element elementor-element-34a184d elementor-widget elementor-widget-tm-ele-iconbox\" data-id=\"34a184d\" data-element_type=\"widget\" data-e-type=\"widget\" data-widget_type=\"tm-ele-iconbox.default\">\n\t\t\t\t<div class=\"elementor-widget-container\">\n\t\t\t\t\t<div class=\"tm-sc-icon-box icon-box icon-top image responsive-tablet responsive-mobile icon-top animate-hover icon-rotate-y\">\r\n\t\r\n  \t<div class=\"icon-box-wrapper\">\r\n\t\t\r\n\t\t<div class=\"icon-wrapper\">\r\n\t\t<div class=\"icon icon-round icon-type-image icon-md\">\r\n\t\t\t<img decoding=\"async\" src=\"https:\/\/abcrflagarinhos.org\/wp-content\/uploads\/2026\/01\/e796bed4-18a7-4d02-b747-db89f115af0f-550x1024.png\" width=\"550\" height=\"1024\" alt=\"image\">\t\t<\/div>\r\n\r\n\t\t\t<\/div>\r\n\t\t\t<div class=\"icon-text\">\r\n\t\t\t\t\t\t\r\n\t\t\t\t<h2 class=\"icon-box-title \">\r\n\t\t\t\t\t\t\tAssembleia Geral\t\t\t\t\t<\/h2>\r\n\t\t\t\t\t<div class=\"content\"><\/div>\r\n\t\t\t\r\n\t\t\t\r\n\t\r\n\t\t\t\t\t<\/div>\r\n\t\t<div class=\"clearfix\"><\/div>\r\n\t<\/div>\r\n<\/div>\t\t\t\t<\/div>\n\t\t\t\t<\/div>\n\t\t\t\t<\/div>\n\t\t<div class=\"elementor-element elementor-element-9f3f3f0 e-con-full tm-col-stretched-none e-flex tm-bg-color-over-image e-con e-child\" data-id=\"9f3f3f0\" data-element_type=\"container\" data-e-type=\"container\">\n\t\t\t\t<div class=\"elementor-element elementor-element-e4f7c14 horizontal-line-align-center vertical-line-align-bottom elementor-widget elementor-widget-tm-ele-section-title\" data-id=\"e4f7c14\" data-element_type=\"widget\" data-e-type=\"widget\" data-widget_type=\"tm-ele-section-title.default\">\n\t\t\t\t<div class=\"elementor-widget-container\">\n\t\t\t\t\t<div class=\"tm-sc-section-title section-title \">\r\n\t<div class=\"title-wrapper\">\r\n\t\t\t\t\t\t\t<h4 class=\"title \">\r\n\r\n\t\t\r\n\t\t\t\t<span class=\"title-part1 \">Maria Helena Nogueira Mendes<\/span>\r\n\t\t\t\t\r\n\t\t\r\n\t<\/h4>\r\n\t<div class=\"title-seperator-line\"><\/div>\t\t\r\n\r\n<div class=\"sub-title-outer\">\r\n\t\t<div class=\"subtitle \">\r\n\r\n\t\t\r\n\t\tPresidente\t<\/div>\r\n\t<\/div>\t\t\t\t<\/div>\r\n<\/div>\t\t\t\t<\/div>\n\t\t\t\t<\/div>\n\t\t\t\t<div class=\"elementor-element elementor-element-91c9a25 horizontal-line-align-center vertical-line-align-bottom elementor-widget elementor-widget-tm-ele-section-title\" data-id=\"91c9a25\" data-element_type=\"widget\" data-e-type=\"widget\" data-widget_type=\"tm-ele-section-title.default\">\n\t\t\t\t<div class=\"elementor-widget-container\">\n\t\t\t\t\t<div class=\"tm-sc-section-title section-title \">\r\n\t<div class=\"title-wrapper\">\r\n\t\t\t\t\t\t\t<h4 class=\"title \">\r\n\r\n\t\t\r\n\t\t\t\t<span class=\"title-part1 \">Sofia Margarida Oliveira A. Marcelino<\/span>\r\n\t\t\t\t\r\n\t\t\r\n\t<\/h4>\r\n\t<div class=\"title-seperator-line\"><\/div>\t\t\r\n\r\n<div class=\"sub-title-outer\">\r\n\t\t<div class=\"subtitle \">\r\n\r\n\t\t\r\n\t\tSecret\u00e1rio\t<\/div>\r\n\t<\/div>\t\t\t\t<\/div>\r\n<\/div>\t\t\t\t<\/div>\n\t\t\t\t<\/div>\n\t\t\t\t<div class=\"elementor-element elementor-element-bbfc97a horizontal-line-align-center vertical-line-align-bottom elementor-widget elementor-widget-tm-ele-section-title\" data-id=\"bbfc97a\" data-element_type=\"widget\" data-e-type=\"widget\" data-widget_type=\"tm-ele-section-title.default\">\n\t\t\t\t<div class=\"elementor-widget-container\">\n\t\t\t\t\t<div class=\"tm-sc-section-title section-title \">\r\n\t<div class=\"title-wrapper\">\r\n\t\t\t\t\t\t\t<h4 class=\"title \">\r\n\r\n\t\t\r\n\t\t\t\t<span class=\"title-part1 \">Rui Jorge Bernardino Borges<\/span>\r\n\t\t\t\t\r\n\t\t\r\n\t<\/h4>\r\n\t<div class=\"title-seperator-line\"><\/div>\t\t\r\n\r\n<div class=\"sub-title-outer\">\r\n\t\t<div class=\"subtitle \">\r\n\r\n\t\t\r\n\t\tSecret\u00e1rio\t<\/div>\r\n\t<\/div>\t\t\t\t<\/div>\r\n<\/div>\t\t\t\t<\/div>\n\t\t\t\t<\/div>\n\t\t\t\t<div class=\"elementor-element elementor-element-502055c horizontal-line-align-center vertical-line-align-bottom elementor-widget elementor-widget-tm-ele-section-title\" data-id=\"502055c\" data-element_type=\"widget\" data-e-type=\"widget\" data-widget_type=\"tm-ele-section-title.default\">\n\t\t\t\t<div class=\"elementor-widget-container\">\n\t\t\t\t\t<div class=\"tm-sc-section-title section-title \">\r\n\t<div class=\"title-wrapper\">\r\n\t\t\t\t\t\t\t<h4 class=\"title \">\r\n\r\n\t\t\r\n\t\t\t\t<span class=\"title-part1 \">H\u00e9lder Jos\u00e9 Santos Fidalgo<\/span>\r\n\t\t\t\t\r\n\t\t\r\n\t<\/h4>\r\n\t<div class=\"title-seperator-line\"><\/div>\t\t\r\n\r\n<div class=\"sub-title-outer\">\r\n\t\t<div class=\"subtitle \">\r\n\r\n\t\t\r\n\t\tSuplente\t<\/div>\r\n\t<\/div>\t\t\t\t<\/div>\r\n<\/div>\t\t\t\t<\/div>\n\t\t\t\t<\/div>\n\t\t\t\t<div class=\"elementor-element elementor-element-e9b4a09 horizontal-line-align-center vertical-line-align-bottom elementor-widget elementor-widget-tm-ele-section-title\" data-id=\"e9b4a09\" data-element_type=\"widget\" data-e-type=\"widget\" data-widget_type=\"tm-ele-section-title.default\">\n\t\t\t\t<div class=\"elementor-widget-container\">\n\t\t\t\t\t<div class=\"tm-sc-section-title section-title \">\r\n\t<div class=\"title-wrapper\">\r\n\t\t\t\t\t\t\t<h4 class=\"title \">\r\n\r\n\t\t\r\n\t\t\t\t<span class=\"title-part1 \">Paulo Roberto Figueiredo Nogueira<\/span>\r\n\t\t\t\t\r\n\t\t\r\n\t<\/h4>\r\n\t<div class=\"title-seperator-line\"><\/div>\t\t\r\n\r\n<div class=\"sub-title-outer\">\r\n\t\t<div class=\"subtitle \">\r\n\r\n\t\t\r\n\t\tSuplente\t<\/div>\r\n\t<\/div>\t\t\t\t<\/div>\r\n<\/div>\t\t\t\t<\/div>\n\t\t\t\t<\/div>\n\t\t\t\t<div class=\"elementor-element elementor-element-1bd9e8f horizontal-line-align-center vertical-line-align-bottom elementor-widget elementor-widget-tm-ele-section-title\" data-id=\"1bd9e8f\" data-element_type=\"widget\" data-e-type=\"widget\" data-widget_type=\"tm-ele-section-title.default\">\n\t\t\t\t<div class=\"elementor-widget-container\">\n\t\t\t\t\t<div class=\"tm-sc-section-title section-title \">\r\n\t<div class=\"title-wrapper\">\r\n\t\t\t\t\t\t\t<h4 class=\"title \">\r\n\r\n\t\t\r\n\t\t\t\t<span class=\"title-part1 \">Ant\u00f3nio Augusto Cunha Borges<\/span>\r\n\t\t\t\t\r\n\t\t\r\n\t<\/h4>\r\n\t<div class=\"title-seperator-line\"><\/div>\t\t\r\n\r\n<div class=\"sub-title-outer\">\r\n\t\t<div class=\"subtitle \">\r\n\r\n\t\t\r\n\t\tSuplente\t<\/div>\r\n\t<\/div>\t\t\t\t<\/div>\r\n<\/div>\t\t\t\t<\/div>\n\t\t\t\t<\/div>\n\t\t\t\t<\/div>\n\t\t\t\t<\/div>\n\t\t\t\t\t<\/div>\n\t\t\t\t<\/div>\n\t\t\t\t<\/div>\n\t\t\t\t<\/div>\n\t\t","protected":false},"excerpt":{"rendered":"<p>Estrutura de governa\u00e7\u00e3o da Associa\u00e7\u00e3o \u00d3rg\u00e3os Sociais \u00d3rg\u00e3os que asseguram a gest\u00e3o, transpar\u00eancia e bom funcionamento da Associa\u00e7\u00e3o. Dire\u00e7\u00e3o da&#8230;<\/p>\n","protected":false},"author":1,"featured_media":0,"parent":0,"menu_order":0,"comment_status":"closed","ping_status":"closed","template":"","meta":{"om_disable_all_campaigns":false,"footnotes":""},"class_list":["post-4477","page","type-page","status-publish","hentry"],"aioseo_notices":[],"_links":{"self":[{"href":"https:\/\/abcrflagarinhos.org\/index.php?rest_route=\/wp\/v2\/pages\/4477","targetHints":{"allow":["GET"]}}],"collection":[{"href":"https:\/\/abcrflagarinhos.org\/index.php?rest_route=\/wp\/v2\/pages"}],"about":[{"href":"https:\/\/abcrflagarinhos.org\/index.php?rest_route=\/wp\/v2\/types\/page"}],"author":[{"embeddable":true,"href":"https:\/\/abcrflagarinhos.org\/index.php?rest_route=\/wp\/v2\/users\/1"}],"replies":[{"embeddable":true,"href":"https:\/\/abcrflagarinhos.org\/index.php?rest_route=%2Fwp%2Fv2%2Fcomments&post=4477"}],"version-history":[{"count":103,"href":"https:\/\/abcrflagarinhos.org\/index.php?rest_route=\/wp\/v2\/pages\/4477\/revisions"}],"predecessor-version":[{"id":91488,"href":"https:\/\/abcrflagarinhos.org\/index.php?rest_route=\/wp\/v2\/pages\/4477\/revisions\/91488"}],"wp:attachment":[{"href":"https:\/\/abcrflagarinhos.org\/index.php?rest_route=%2Fwp%2Fv2%2Fmedia&parent=4477"}],"curies":[{"name":"wp","href":"https:\/\/api.w.org\/{rel}","templated":true}]}}