{"id":3,"date":"2025-12-30T17:44:22","date_gmt":"2025-12-30T17:44:22","guid":{"rendered":"https:\/\/abcrflagarinhos.org\/?page_id=3"},"modified":"2026-01-20T11:23:13","modified_gmt":"2026-01-20T11:23:13","slug":"politica-privacidade","status":"publish","type":"page","link":"https:\/\/abcrflagarinhos.org\/?page_id=3","title":{"rendered":"Pol\u00edtica de privacidade"},"content":{"rendered":"\t\t<div data-elementor-type=\"wp-page\" data-elementor-id=\"3\" class=\"elementor elementor-3\">\n\t\t\t\t<div class=\"elementor-element elementor-element-2050c9b e-flex e-con-boxed tm-col-stretched-none tm-bg-color-over-image e-con e-parent\" data-id=\"2050c9b\" data-element_type=\"container\" data-e-type=\"container\">\n\t\t\t\t\t<div class=\"e-con-inner\">\n\t\t\t\t<div class=\"elementor-element elementor-element-6ede97f horizontal-line-align-left vertical-line-align-bottom elementor-widget elementor-widget-tm-ele-section-title\" data-id=\"6ede97f\" data-element_type=\"widget\" data-e-type=\"widget\" data-widget_type=\"tm-ele-section-title.default\">\n\t\t\t\t<div class=\"elementor-widget-container\">\n\t\t\t\t\t<div class=\"tm-sc-section-title section-title \">\r\n\t<div class=\"title-wrapper\">\r\n\t\t\t\t\t\t\t<h2 class=\"title \">\r\n\r\n\t\t\r\n\t\t\t\t<span class=\"title-part1 \">Politica de privacidade<\/span>\r\n\t\t\t\t\r\n\t\t\r\n\t<\/h2>\r\n\t<div class=\"title-seperator-line\"><\/div>\t\t\t\t\t\t<div class=\"paragraph\">\r\n\t\t<p>A A.B.C.R. da Freguesia de Lagarinhos est\u00e1 empenhada em proteger a privacidade dos seus Utentes e utilizadores dos servi\u00e7os e Val\u00eancias.<\/p>\t<\/div>\r\n\t\t<\/div>\r\n<\/div>\t\t\t\t<\/div>\n\t\t\t\t<\/div>\n\t\t\t\t<div class=\"elementor-element elementor-element-26948fb elementor-widget elementor-widget-tm-ele-text-editor\" data-id=\"26948fb\" data-element_type=\"widget\" data-e-type=\"widget\" data-widget_type=\"tm-ele-text-editor.default\">\n\t\t\t\t<div class=\"elementor-widget-container\">\n\t\t\t\t\t\t\t<div class=\"tm-text-editor\">\r\n\t\t<h3 class=\"otQkpb\" aria-level=\"3\" role=\"heading\" jscontroller=\"a7qCn\" jsuid=\"C5TGkf_h\" data-processed=\"true\" data-complete=\"true\"><strong>1. Respons\u00e1vel pelo Tratamento<\/strong><\/h3><ul class=\"KsbFXc U6u95\" jscontroller=\"mPWODf\" jsuid=\"C5TGkf_j\" data-processed=\"true\" data-complete=\"true\"><li jscontroller=\"vsuOFb\" jsuid=\"C5TGkf_k\" data-hveid=\"CAEIBRAA\" data-complete=\"true\" data-sae=\"\"><span class=\"T286Pc\" data-sfc-cp=\"\" jscontroller=\"fly6D\" jsuid=\"C5TGkf_l\" data-complete=\"true\"><strong class=\"Yjhzub\" jscontroller=\"zYmgkd\" jsuid=\"C5TGkf_m\" data-complete=\"true\">Entidade:<\/strong><span>\u00a0<\/span>Associa\u00e7\u00e3o de Benefic\u00eancia Cultural e Recreativa da Freguesia de Lagarinhos (ABCRFL).<\/span><\/li><li jscontroller=\"vsuOFb\" jsuid=\"C5TGkf_n\" data-hveid=\"CAEIBRAB\" data-complete=\"true\" data-sae=\"\"><span class=\"T286Pc\" data-sfc-cp=\"\" jscontroller=\"fly6D\" jsuid=\"C5TGkf_o\" data-complete=\"true\"><strong class=\"Yjhzub\" jscontroller=\"zYmgkd\" jsuid=\"C5TGkf_p\" data-complete=\"true\">Sede:<\/strong><span>\u00a0<\/span>Largo da Escola Prim\u00e1ria, 6290-091 Lagarinhos.<\/span><\/li><li jscontroller=\"vsuOFb\" jsuid=\"C5TGkf_q\" data-hveid=\"CAEIBRAC\" data-complete=\"true\" data-sae=\"\"><span class=\"T286Pc\" data-sfc-cp=\"\" jscontroller=\"fly6D\" jsuid=\"C5TGkf_r\" data-complete=\"true\"><strong class=\"Yjhzub\" jscontroller=\"zYmgkd\" jsuid=\"C5TGkf_s\" data-complete=\"true\">Email de contacto para dados:<\/strong><span>\u00a0<\/span>abcrf.lagarinhos@sapo.pt.<\/span><\/li><\/ul><div class=\"Fsg96\" data-sfc-cp=\"\" jsaction=\"rcuQ6b:&amp;C5TGkf_t|npT2md\" jscontroller=\"KHhJQ\" jsuid=\"C5TGkf_t\" data-complete=\"true\" data-processed=\"true\">A ABCRFL n\u00e3o disp\u00f5e de Encarregado de Prote\u00e7\u00e3o de Dados (DPO) nomeado, podendo qualquer quest\u00e3o relacionada com dados pessoais ser dirigida para o contacto acima indicado.<\/div><h3 class=\"otQkpb\" aria-level=\"3\" role=\"heading\" jscontroller=\"a7qCn\" jsuid=\"C5TGkf_u\" data-processed=\"true\" data-complete=\"true\"><strong>2. Dados Recolhidos e Finalidade<\/strong><\/h3><p>A ABCRFL recolhe apenas os dados pessoais estritamente necess\u00e1rios, nomeadamente:<\/p><ul class=\"KsbFXc U6u95\" jscontroller=\"mPWODf\" jsuid=\"C5TGkf_w\" data-processed=\"true\" data-complete=\"true\"><li jscontroller=\"vsuOFb\" jsuid=\"C5TGkf_x\" data-hveid=\"CAEIBxAA\" data-complete=\"true\" data-sae=\"\"><span class=\"T286Pc\" data-sfc-cp=\"\" jscontroller=\"fly6D\" jsuid=\"C5TGkf_y\" data-complete=\"true\"><strong class=\"Yjhzub\" jscontroller=\"zYmgkd\" jsuid=\"C5TGkf_z\" data-complete=\"true\">Formul\u00e1rios de Contacto:<\/strong><span>\u00a0<\/span>Nome, email e telefone para responder a pedidos de informa\u00e7\u00e3o sobre o Centro de Dia, SAD, Jardim de inf\u00e2ncia e creche, bem como outros servi\u00e7os ou atividades disponibilizadas pela A.B.C.R, Freguesia de Lagarinhos.<\/span><\/li><li jscontroller=\"vsuOFb\" jsuid=\"C5TGkf_10\" data-hveid=\"CAEIBxAB\" data-complete=\"true\" data-sae=\"\"><span class=\"T286Pc\" data-sfc-cp=\"\" jscontroller=\"fly6D\" jsuid=\"C5TGkf_11\" data-complete=\"true\"><strong class=\"Yjhzub\" jscontroller=\"zYmgkd\" jsuid=\"C5TGkf_12\" data-complete=\"true\">Cookies:<\/strong><span>\u00a0<\/span>Dados de navega\u00e7\u00e3o para estat\u00edsticas (Google Analytics) ou funcionamento t\u00e9cnico do site.<\/span><\/li><li jscontroller=\"vsuOFb\" jsuid=\"C5TGkf_13\" data-hveid=\"CAEIBxAC\" data-complete=\"true\" data-sae=\"\"><span class=\"T286Pc\" data-sfc-cp=\"\" jscontroller=\"fly6D\" jsuid=\"C5TGkf_14\" data-complete=\"true\"><strong class=\"Yjhzub\" jscontroller=\"zYmgkd\" jsuid=\"C5TGkf_15\" data-complete=\"true\">Inscri\u00e7\u00f5es:<\/strong><span>\u00a0<\/span>Dados necess\u00e1rios para a pr\u00e9-inscri\u00e7\u00e3o de utentes ou recrutamento de colaboradores.<\/span><\/li><\/ul><div class=\"Fsg96\" data-sfc-cp=\"\" jsaction=\"rcuQ6b:&amp;C5TGkf_16|npT2md\" jscontroller=\"KHhJQ\" jsuid=\"C5TGkf_16\" data-complete=\"true\" data-processed=\"true\"><\/div><h3 class=\"otQkpb\" aria-level=\"3\" role=\"heading\" jscontroller=\"a7qCn\" jsuid=\"C5TGkf_17\" data-processed=\"true\" data-complete=\"true\"><strong>3. Base Legal para o Tratamento<\/strong><\/h3><div class=\"Y3BBE\" data-sfc-cp=\"\" jsaction=\"rcuQ6b:&amp;C5TGkf_18|npT2md\" jscontroller=\"zcfIf\" jsuid=\"C5TGkf_18\" data-hveid=\"CAEICBAA\" data-complete=\"true\" data-processed=\"true\">O tratamento deve basear-se numa das seguintes condi\u00e7\u00f5es:<\/div><ul class=\"KsbFXc U6u95\" jscontroller=\"mPWODf\" jsuid=\"C5TGkf_28\" data-processed=\"true\" data-complete=\"true\"><li jscontroller=\"vsuOFb\" jsuid=\"C5TGkf_29\" data-hveid=\"CAEIChAA\" data-complete=\"true\" data-sae=\"\"><span class=\"T286Pc\" data-sfc-cp=\"\" jscontroller=\"fly6D\" jsuid=\"C5TGkf_2a\" data-complete=\"true\"><strong class=\"Yjhzub\" jscontroller=\"zYmgkd\" jsuid=\"C5TGkf_2b\" data-complete=\"true\">Consentimento:<\/strong><span>\u00a0<\/span>Quando o utilizador preenche um formul\u00e1rio voluntariamente.<\/span><\/li><li jscontroller=\"vsuOFb\" jsuid=\"C5TGkf_2c\" data-hveid=\"CAEIChAB\" data-complete=\"true\" data-sae=\"\"><span class=\"T286Pc\" data-sfc-cp=\"\" jscontroller=\"fly6D\" jsuid=\"C5TGkf_2d\" data-complete=\"true\"><strong class=\"Yjhzub\" jscontroller=\"zYmgkd\" jsuid=\"C5TGkf_2e\" data-complete=\"true\">Dilig\u00eancias Pr\u00e9-contratuais:<\/strong><span>\u00a0<\/span>Caso a recolha vise a admiss\u00e3o de um novo utente.<\/span><\/li><li jscontroller=\"vsuOFb\" jsuid=\"C5TGkf_2f\" data-hveid=\"CAEIChAC\" data-complete=\"true\" data-sae=\"\"><span class=\"T286Pc\" data-sfc-cp=\"\" jscontroller=\"fly6D\" jsuid=\"C5TGkf_2g\" data-complete=\"true\"><strong class=\"Yjhzub\" jscontroller=\"zYmgkd\" jsuid=\"C5TGkf_2h\" data-complete=\"true\">Interesse Leg\u00edtimo:<\/strong><span>\u00a0<\/span>Para garantir a seguran\u00e7a e o bom funcionamento do website.<\/span><\/li><li jscontroller=\"vsuOFb\" jsuid=\"C5TGkf_2f\" data-hveid=\"CAEIChAC\" data-complete=\"true\" data-sae=\"\"><strong data-start=\"3369\" data-end=\"3405\">Cumprimento de obriga\u00e7\u00f5es legais<\/strong>, nomeadamente junto da Seguran\u00e7a Social;<\/li><\/ul><div class=\"Fsg96\" data-sfc-cp=\"\" jsaction=\"rcuQ6b:&amp;C5TGkf_2i|npT2md\" jscontroller=\"KHhJQ\" jsuid=\"C5TGkf_2i\" data-complete=\"true\" data-processed=\"true\"><\/div><h3 class=\"otQkpb\" aria-level=\"3\" role=\"heading\" jscontroller=\"a7qCn\" jsuid=\"C5TGkf_2j\" data-processed=\"true\" data-complete=\"true\"><strong>4. Direitos dos Titulares dos Dados<\/strong><\/h3><div class=\"Y3BBE\" data-sfc-cp=\"\" jsaction=\"rcuQ6b:&amp;C5TGkf_2k|npT2md\" jscontroller=\"zcfIf\" jsuid=\"C5TGkf_2k\" data-hveid=\"CAEICxAA\" data-processed=\"true\" data-complete=\"true\">Os utilizadores podem exercer os seus direitos em qualquer momento:<\/div><ul class=\"KsbFXc U6u95\" jscontroller=\"mPWODf\" jsuid=\"C5TGkf_2l\" data-processed=\"true\" data-complete=\"true\"><li jscontroller=\"vsuOFb\" jsuid=\"C5TGkf_2m\" data-hveid=\"CAEIDBAA\" data-complete=\"true\" data-sae=\"\"><span class=\"T286Pc\" data-sfc-cp=\"\" jscontroller=\"fly6D\" jsuid=\"C5TGkf_2n\" data-complete=\"true\"><strong class=\"Yjhzub\" jscontroller=\"zYmgkd\" jsuid=\"C5TGkf_2o\" data-complete=\"true\">Acesso:<\/strong><span>\u00a0<\/span>Saber que dados est\u00e3o guardados.<\/span><\/li><li jscontroller=\"vsuOFb\" jsuid=\"C5TGkf_2p\" data-hveid=\"CAEIDBAB\" data-complete=\"true\" data-sae=\"\"><span class=\"T286Pc\" data-sfc-cp=\"\" jscontroller=\"fly6D\" jsuid=\"C5TGkf_2q\" data-complete=\"true\"><strong class=\"Yjhzub\" jscontroller=\"zYmgkd\" jsuid=\"C5TGkf_2r\" data-complete=\"true\">Retifica\u00e7\u00e3o:<\/strong><span>\u00a0<\/span>Corrigir informa\u00e7\u00f5es desatualizadas.<\/span><\/li><li jscontroller=\"vsuOFb\" jsuid=\"C5TGkf_2s\" data-hveid=\"CAEIDBAC\" data-complete=\"true\" data-sae=\"\"><span class=\"T286Pc\" data-sfc-cp=\"\" jscontroller=\"fly6D\" jsuid=\"C5TGkf_2t\" data-complete=\"true\"><strong class=\"Yjhzub\" jscontroller=\"zYmgkd\" jsuid=\"C5TGkf_2u\" data-complete=\"true\">Apagamento (Esquecimento):<\/strong><span>\u00a0<\/span>Pedir a remo\u00e7\u00e3o dos dados, exceto quando houver obriga\u00e7\u00e3o legal de conserva\u00e7\u00e3o.<\/span><\/li><li jscontroller=\"vsuOFb\" jsuid=\"C5TGkf_2v\" data-hveid=\"CAEIDBAD\" data-complete=\"true\" data-sae=\"\"><span class=\"T286Pc\" data-sfc-cp=\"\" jscontroller=\"fly6D\" jsuid=\"C5TGkf_2w\" data-complete=\"true\"><strong class=\"Yjhzub\" jscontroller=\"zYmgkd\" jsuid=\"C5TGkf_2x\" data-complete=\"true\">Oposi\u00e7\u00e3o:<\/strong><span>\u00a0<\/span>Recusar o tratamento de dados para certas finalidades.<\/span><\/li><li jscontroller=\"vsuOFb\" jsuid=\"C5TGkf_2v\" data-hveid=\"CAEIDBAD\" data-complete=\"true\" data-sae=\"\">Portabilidade dos dados.<\/li><li jscontroller=\"vsuOFb\" jsuid=\"C5TGkf_2v\" data-hveid=\"CAEIDBAD\" data-complete=\"true\" data-sae=\"\">Retirar o consentimento a qualquer momento, quando aplic\u00e1vel.<\/li><\/ul><p>O exerc\u00edcio destes direitos pode ser feito atrav\u00e9s do contacto indicado no ponto 1.<\/p><p>Os titulares t\u00eam ainda o direito de apresentar reclama\u00e7\u00e3o \u00e0 <strong data-start=\"4087\" data-end=\"4136\">Comiss\u00e3o Nacional de Prote\u00e7\u00e3o de Dados (CNPD)<\/strong>.<\/p><h3 class=\"otQkpb\" aria-level=\"3\" role=\"heading\" jscontroller=\"a7qCn\" jsuid=\"C5TGkf_2z\" data-processed=\"true\" data-complete=\"true\"><strong>5. Conserva\u00e7\u00e3o e Seguran\u00e7a<\/strong><\/h3><ul class=\"KsbFXc U6u95\" jscontroller=\"mPWODf\" jsuid=\"C5TGkf_30\" data-processed=\"true\" data-complete=\"true\"><li jscontroller=\"vsuOFb\" jsuid=\"C5TGkf_31\" data-hveid=\"CAEIDRAA\" data-complete=\"true\" data-sae=\"\"><span class=\"T286Pc\" data-sfc-cp=\"\" jscontroller=\"fly6D\" jsuid=\"C5TGkf_32\" data-complete=\"true\"><strong class=\"Yjhzub\" jscontroller=\"zYmgkd\" jsuid=\"C5TGkf_33\" data-complete=\"true\">Per\u00edodo de Conserva\u00e7\u00e3o:<\/strong><span>\u00a0<\/span>Os dados s\u00e3o mantidos apenas pelo per\u00edodo necess\u00e1rio para a finalidade que motivou a recolha (ex: resposta a um contacto) ou pelo prazo legal exigido pela Seguran\u00e7a Social.<\/span><\/li><li jscontroller=\"vsuOFb\" jsuid=\"C5TGkf_34\" data-hveid=\"CAEIDRAB\" data-complete=\"true\" data-sae=\"\"><span class=\"T286Pc\" data-sfc-cp=\"\" jscontroller=\"fly6D\" jsuid=\"C5TGkf_35\" data-complete=\"true\"><strong class=\"Yjhzub\" jscontroller=\"zYmgkd\" jsuid=\"C5TGkf_36\" data-complete=\"true\">Seguran\u00e7a:<\/strong><span>\u00a0<\/span>Men\u00e7\u00e3o \u00e0 utiliza\u00e7\u00e3o de protocolos de seguran\u00e7a (como SSL\/HTTPS no site) e dever de sigilo de todos os colaboradores.<\/span><\/li><\/ul><div class=\"Fsg96\" data-sfc-cp=\"\" jsaction=\"rcuQ6b:&amp;C5TGkf_37|npT2md\" jscontroller=\"KHhJQ\" jsuid=\"C5TGkf_37\" data-complete=\"true\" data-processed=\"true\"><\/div><h3 class=\"otQkpb\" aria-level=\"3\" role=\"heading\" jscontroller=\"a7qCn\" jsuid=\"C5TGkf_38\" data-processed=\"true\" data-complete=\"true\"><strong>6. Partilha de Dados<\/strong><\/h3><div class=\"Y3BBE\" data-sfc-cp=\"\" jsaction=\"rcuQ6b:&amp;C5TGkf_39|npT2md\" jscontroller=\"zcfIf\" jsuid=\"C5TGkf_39\" data-hveid=\"CAEIDhAA\" data-processed=\"true\" data-complete=\"true\">Pode ser necess\u00e1rio a partilha de informa\u00e7\u00e3o dos utentes ou seus familiares e funcion\u00e1rios com a Seguran\u00e7a Social para garantir os cumprimentos de requisitos legais.<\/div><div data-sfc-cp=\"\" jsaction=\"rcuQ6b:&amp;C5TGkf_39|npT2md\" jscontroller=\"zcfIf\" jsuid=\"C5TGkf_39\" data-hveid=\"CAEIDhAA\" data-processed=\"true\" data-complete=\"true\">A Associa\u00e7\u00e3o n\u00e3o disponibiliza dados dos Utentes, familiares e utilizadores dos seus servi\u00e7os a Entidades comerciais.<\/div><div data-sfc-cp=\"\" jsaction=\"rcuQ6b:&amp;C5TGkf_39|npT2md\" jscontroller=\"zcfIf\" jsuid=\"C5TGkf_39\" data-hveid=\"CAEIDhAA\" data-processed=\"true\" data-complete=\"true\">Os dados recolhidos n\u00e3o s\u00e3o utilizados para fins comerciais.<\/div><div data-sfc-cp=\"\" jsaction=\"rcuQ6b:&amp;C5TGkf_39|npT2md\" jscontroller=\"zcfIf\" jsuid=\"C5TGkf_39\" data-hveid=\"CAEIDhAA\" data-processed=\"true\" data-complete=\"true\"><\/div><h3 jsaction=\"rcuQ6b:&amp;C5TGkf_39|npT2md\" jscontroller=\"zcfIf\" jsuid=\"C5TGkf_39\" data-hveid=\"CAEIDhAA\" data-processed=\"true\" data-complete=\"true\"><strong>7. Cookies e transfer\u00eancias Internacionais<\/strong><\/h3><div data-sfc-cp=\"\" jsaction=\"rcuQ6b:&amp;C5TGkf_39|npT2md\" jscontroller=\"zcfIf\" jsuid=\"C5TGkf_39\" data-hveid=\"CAEIDhAA\" data-processed=\"true\" data-complete=\"true\"><p data-start=\"4838\" data-end=\"5013\">O site utiliza cookies apenas mediante consentimento do utilizador.<br data-start=\"4905\" data-end=\"4908\" \/>Os dados recolhidos para fins estat\u00edsticos n\u00e3o s\u00e3o utilizados para identifica\u00e7\u00e3o direta dos utilizadores.<\/p><p data-start=\"5015\" data-end=\"5257\">Sempre que aplic\u00e1vel, poder\u00e3o existir transfer\u00eancias de dados para fora da Uni\u00e3o Europeia no \u00e2mbito de ferramentas tecnol\u00f3gicas, garantindo-se o cumprimento das cl\u00e1usulas contratuais e mecanismos de prote\u00e7\u00e3o exigidos pela legisla\u00e7\u00e3o europeia.<\/p><\/div><div data-sfc-cp=\"\" jsaction=\"rcuQ6b:&amp;C5TGkf_39|npT2md\" jscontroller=\"zcfIf\" jsuid=\"C5TGkf_39\" data-hveid=\"CAEIDhAA\" data-processed=\"true\" data-complete=\"true\"><\/div>\t\t<\/div>\r\n\t\t\t\t\t<\/div>\n\t\t\t\t<\/div>\n\t\t\t\t\t<\/div>\n\t\t\t\t<\/div>\n\t\t\t\t<\/div>\n\t\t","protected":false},"excerpt":{"rendered":"<p>Politica de privacidade A A.B.C.R. da Freguesia de Lagarinhos est\u00e1 empenhada em proteger a privacidade dos seus Utentes e utilizadores&#8230;<\/p>\n","protected":false},"author":1,"featured_media":0,"parent":0,"menu_order":0,"comment_status":"closed","ping_status":"open","template":"","meta":{"om_disable_all_campaigns":false,"footnotes":""},"class_list":["post-3","page","type-page","status-publish","hentry"],"aioseo_notices":[],"_links":{"self":[{"href":"https:\/\/abcrflagarinhos.org\/index.php?rest_route=\/wp\/v2\/pages\/3","targetHints":{"allow":["GET"]}}],"collection":[{"href":"https:\/\/abcrflagarinhos.org\/index.php?rest_route=\/wp\/v2\/pages"}],"about":[{"href":"https:\/\/abcrflagarinhos.org\/index.php?rest_route=\/wp\/v2\/types\/page"}],"author":[{"embeddable":true,"href":"https:\/\/abcrflagarinhos.org\/index.php?rest_route=\/wp\/v2\/users\/1"}],"replies":[{"embeddable":true,"href":"https:\/\/abcrflagarinhos.org\/index.php?rest_route=%2Fwp%2Fv2%2Fcomments&post=3"}],"version-history":[{"count":19,"href":"https:\/\/abcrflagarinhos.org\/index.php?rest_route=\/wp\/v2\/pages\/3\/revisions"}],"predecessor-version":[{"id":89141,"href":"https:\/\/abcrflagarinhos.org\/index.php?rest_route=\/wp\/v2\/pages\/3\/revisions\/89141"}],"wp:attachment":[{"href":"https:\/\/abcrflagarinhos.org\/index.php?rest_route=%2Fwp%2Fv2%2Fmedia&parent=3"}],"curies":[{"name":"wp","href":"https:\/\/api.w.org\/{rel}","templated":true}]}}