{"id":10784,"date":"2022-10-09T10:20:37","date_gmt":"2022-10-09T10:20:37","guid":{"rendered":"https:\/\/kodesolution.com\/2022\/orgonic\/?page_id=10784"},"modified":"2026-02-25T13:31:16","modified_gmt":"2026-02-25T13:31:16","slug":"about","status":"publish","type":"page","link":"https:\/\/abcrflagarinhos.org\/?page_id=10784","title":{"rendered":"Sobre N\u00f3s"},"content":{"rendered":"\t\t<div data-elementor-type=\"wp-page\" data-elementor-id=\"10784\" class=\"elementor elementor-10784\">\n\t\t\t\t<div class=\"elementor-element elementor-element-75000b5 e-flex e-con-boxed tm-col-stretched-none tm-bg-color-over-image e-con e-parent\" data-id=\"75000b5\" data-element_type=\"container\" data-e-type=\"container\">\n\t\t\t\t\t<div class=\"e-con-inner\">\n\t\t<div class=\"elementor-element elementor-element-2f95627 e-con-full tm-col-stretched-none e-flex tm-bg-color-over-image e-con e-child\" data-id=\"2f95627\" data-element_type=\"container\" data-e-type=\"container\">\n\t\t\t\t<div class=\"elementor-element elementor-element-1ef2c0e horizontal-line-align-left vertical-line-align-bottom elementor-widget elementor-widget-tm-ele-section-title\" data-id=\"1ef2c0e\" data-element_type=\"widget\" data-e-type=\"widget\" data-widget_type=\"tm-ele-section-title.default\">\n\t\t\t\t<div class=\"elementor-widget-container\">\n\t\t\t\t\t<div class=\"tm-sc-section-title section-title \">\r\n\t<div class=\"title-wrapper\">\r\n\t\t\t\t\r\n\r\n<div class=\"sub-title-outer\">\r\n\t\t<div class=\"subtitle \">\r\n\r\n\t\t\r\n\t\tA.B.C.R. da Freguesia de Lagarinhos\t<\/div>\r\n\t<\/div>\t\t\t<h2 class=\"title \">\r\n\r\n\t\t\r\n\t\t\t\t<span class=\"title-part1 \">Sobre N\u00f3s<\/span>\r\n\t\t\t\t\r\n\t\t\r\n\t<\/h2>\r\n\t<div class=\"title-seperator-line\"><\/div>\t\t\t\t\t\t<div class=\"paragraph\">\r\n\t\t<h5 data-start=\"1448\" data-end=\"1721\">A <strong data-start=\"1450\" data-end=\"1538\">Associa\u00e7\u00e3o de Benefic\u00eancia Cultural e Recreativa da Freguesia de Lagarinhos (ABCRFL)<\/strong> \u00e9 uma Institui\u00e7\u00e3o Particular de Solidariedade Social (IPSS) que desenvolve a sua atividade ao servi\u00e7o da comunidade local, com especial foco no apoio \u00e0 popula\u00e7\u00e3o idosa e \u00e0s fam\u00edlias.<\/h5><h5 data-start=\"1726\" data-end=\"1951\">Com uma forte liga\u00e7\u00e3o \u00e0 freguesia de Lagarinhos, no concelho de Gouveia e lim\u00edtrofes, a Associa\u00e7\u00e3o atua com base em princ\u00edpios de solidariedade, proximidade e responsabilidade social, promovendo o bem-estar e a dignidade dos seus utentes.<\/h5>\t<\/div>\r\n\t\t<\/div>\r\n<\/div>\t\t\t\t<\/div>\n\t\t\t\t<\/div>\n\t\t\t\t<\/div>\n\t\t<div class=\"elementor-element elementor-element-2132258 e-flex e-con-boxed tm-col-stretched-none tm-bg-color-over-image e-con e-child\" data-id=\"2132258\" data-element_type=\"container\" data-e-type=\"container\">\n\t\t\t\t\t<div class=\"e-con-inner\">\n\t\t\t\t<div class=\"elementor-element elementor-element-ff896e1 elementor-widget__width-initial elementor-widget elementor-widget-tm-ele-iconbox\" data-id=\"ff896e1\" data-element_type=\"widget\" data-e-type=\"widget\" data-widget_type=\"tm-ele-iconbox.default\">\n\t\t\t\t<div class=\"elementor-widget-container\">\n\t\t\t\t\t<div class=\"tm-sc-icon-box icon-box icon-top font-icon responsive-tablet responsive-mobile icon-top animate-hover icon-rotate-y\">\r\n\t\r\n  \t<div class=\"icon-box-wrapper\">\r\n\t\t\r\n\t\t<div class=\"icon-wrapper\">\r\n\t\t<div class=\"icon icon-round icon-type-font-icon icon-md tm-animation-floating\">\r\n\t\t\t<i aria-hidden=\"true\" class=\"fas fa-heart\"><\/i>\t\t<\/div>\r\n\r\n\t\t\t<\/div>\r\n\t\t\t<div class=\"icon-text\">\r\n\t\t\t\t\t\t\r\n\t\t\t\t<h2 class=\"icon-box-title \">\r\n\t\t\t\t\t\t\tMiss\u00e3o\t\t\t\t\t<\/h2>\r\n\t\t\t\t\t<div class=\"content\"><h5>A nossa miss\u00e3o \u00e9 prestar respostas sociais de proximidade, assegurando cuidados adequados, acompanhamento di\u00e1rio e um ambiente seguro, humano e acolhedor para todos os utentes.<\/h5><\/div>\r\n\t\t\t\r\n\t\t\t\r\n\t\r\n\t\t\t\t\t<\/div>\r\n\t\t<div class=\"clearfix\"><\/div>\r\n\t<\/div>\r\n<\/div>\t\t\t\t<\/div>\n\t\t\t\t<\/div>\n\t\t\t\t<div class=\"elementor-element elementor-element-28f9000 elementor-widget__width-initial elementor-widget elementor-widget-tm-ele-iconbox\" data-id=\"28f9000\" data-element_type=\"widget\" data-e-type=\"widget\" data-widget_type=\"tm-ele-iconbox.default\">\n\t\t\t\t<div class=\"elementor-widget-container\">\n\t\t\t\t\t<div class=\"tm-sc-icon-box icon-box icon-top font-icon responsive-tablet responsive-mobile icon-top\">\r\n\t\r\n  \t<div class=\"icon-box-wrapper\">\r\n\t\t\r\n\t\t<div class=\"icon-wrapper\">\r\n\t\t<div class=\"icon icon-round icon-type-font-icon icon-md tm-animation-floating\">\r\n\t\t\t<i aria-hidden=\"true\" class=\"far fa-eye\"><\/i>\t\t<\/div>\r\n\r\n\t\t\t<\/div>\r\n\t\t\t<div class=\"icon-text\">\r\n\t\t\t\t\t\t\r\n\t\t\t\t<h2 class=\"icon-box-title \">\r\n\t\t\t\t\t\t\tA Nossa Vis\u00e3o\t\t\t\t\t<\/h2>\r\n\t\t\t\t\t<div class=\"content\"><h5>Ser uma institui\u00e7\u00e3o de refer\u00eancia local no apoio social, reconhecida pela qualidade dos servi\u00e7os prestados, pela proximidade \u00e0s fam\u00edlias e pelo respeito pelos valores humanos e sociais.<\/h5><\/div>\r\n\t\t\t\r\n\t\t\t\r\n\t\r\n\t\t\t\t\t<\/div>\r\n\t\t<div class=\"clearfix\"><\/div>\r\n\t<\/div>\r\n<\/div>\t\t\t\t<\/div>\n\t\t\t\t<\/div>\n\t\t<div class=\"elementor-element elementor-element-0808bd6 e-con-full e-flex tm-col-stretched-none tm-bg-color-over-image e-con e-child\" data-id=\"0808bd6\" data-element_type=\"container\" data-e-type=\"container\">\n\t\t\t\t<div class=\"elementor-element elementor-element-b8873b6 elementor-widget__width-initial elementor-widget elementor-widget-tm-ele-iconbox\" data-id=\"b8873b6\" data-element_type=\"widget\" data-e-type=\"widget\" data-widget_type=\"tm-ele-iconbox.default\">\n\t\t\t\t<div class=\"elementor-widget-container\">\n\t\t\t\t\t<div class=\"tm-sc-icon-box icon-box icon-top font-icon responsive-tablet responsive-mobile icon-top animate-hover icon-rotate-y\">\r\n\t\r\n  \t<div class=\"icon-box-wrapper\">\r\n\t\t\r\n\t\t<div class=\"icon-wrapper\">\r\n\t\t<div class=\"icon icon-round icon-type-font-icon icon-md tm-animation-floating\">\r\n\t\t\t<i aria-hidden=\"true\" class=\"fas fa-star\"><\/i>\t\t<\/div>\r\n\r\n\t\t\t<\/div>\r\n\t\t\t<div class=\"icon-text\">\r\n\t\t\t\t\t\t\r\n\t\t\t\t<h2 class=\"icon-box-title \">\r\n\t\t\t\t\t\t\tOS Nossos Valores\t\t\t\t\t<\/h2>\r\n\t\t\t\t\t<div class=\"content\"><\/div>\r\n\t\t\t\r\n\t\t\t\r\n\t\r\n\t\t\t\t\t<\/div>\r\n\t\t<div class=\"clearfix\"><\/div>\r\n\t<\/div>\r\n<\/div>\t\t\t\t<\/div>\n\t\t\t\t<\/div>\n\t\t\t\t<div class=\"elementor-element elementor-element-383d52c elementor-widget elementor-widget-tm-ele-list\" data-id=\"383d52c\" data-element_type=\"widget\" data-e-type=\"widget\" data-widget_type=\"tm-ele-list.default\">\n\t\t\t\t<div class=\"elementor-widget-container\">\n\t\t\t\t\t<ul class=\"tm-sc-list \">\r\n\t<li class=\"\">\r\n\t\t\t\t<i aria-hidden=\"true\" class=\"far fa-check-circle\"><\/i>\t\t\t\t<span>\r\n\tDignidade Humana<\/span><\/li>\t<li class=\"\">\r\n\t\t\t\t<i aria-hidden=\"true\" class=\"far fa-check-circle\"><\/i>\t\t\t\t<span>\r\n\tSolidariedade<\/span><\/li>\t<li class=\"\">\r\n\t\t\t\t<i aria-hidden=\"true\" class=\"far fa-check-circle\"><\/i>\t\t\t\t<span>\r\n\tResponsabilidade<\/span><\/li>\t<li class=\"\">\r\n\t\t\t\t<i aria-hidden=\"true\" class=\"far fa-check-circle\"><\/i>\t\t\t\t<span>\r\n\tProximidade<\/span><\/li>\t<li class=\"\">\r\n\t\t\t\t<i aria-hidden=\"true\" class=\"far fa-check-circle\"><\/i>\t\t\t\t<span>\r\n\tTranspar\u00eancia<\/span><\/li><\/ul>\t\t\t\t<\/div>\n\t\t\t\t<\/div>\n\t\t\t\t<\/div>\n\t\t\t\t\t<\/div>\n\t\t\t\t<\/div>\n\t\t\t\t\t<\/div>\n\t\t\t\t<\/div>\n\t\t<div class=\"elementor-element elementor-element-c0f9ae7 e-con-full e-flex tm-col-stretched-none tm-bg-color-over-image e-con e-parent\" data-id=\"c0f9ae7\" data-element_type=\"container\" data-e-type=\"container\">\n\t\t<div class=\"elementor-element elementor-element-99811e4 e-con-full tm-col-stretched-none e-flex tm-bg-color-over-image e-con e-child\" data-id=\"99811e4\" data-element_type=\"container\" data-e-type=\"container\">\n\t\t\t\t<div class=\"elementor-element elementor-element-6af8149 elementor-widget elementor-widget-image\" data-id=\"6af8149\" data-element_type=\"widget\" data-e-type=\"widget\" data-widget_type=\"image.default\">\n\t\t\t\t\t\t\t\t\t\t\t\t\t\t\t<img fetchpriority=\"high\" decoding=\"async\" width=\"1536\" height=\"1024\" src=\"https:\/\/abcrflagarinhos.org\/wp-content\/uploads\/2026\/02\/77e8aec9-ae84-488a-a347-39e00362fe5e.png\" class=\"attachment-full size-full wp-image-91155\" alt=\"\" srcset=\"https:\/\/abcrflagarinhos.org\/wp-content\/uploads\/2026\/02\/77e8aec9-ae84-488a-a347-39e00362fe5e.png 1536w, https:\/\/abcrflagarinhos.org\/wp-content\/uploads\/2026\/02\/77e8aec9-ae84-488a-a347-39e00362fe5e-300x200.png 300w, https:\/\/abcrflagarinhos.org\/wp-content\/uploads\/2026\/02\/77e8aec9-ae84-488a-a347-39e00362fe5e-1024x683.png 1024w, https:\/\/abcrflagarinhos.org\/wp-content\/uploads\/2026\/02\/77e8aec9-ae84-488a-a347-39e00362fe5e-768x512.png 768w, https:\/\/abcrflagarinhos.org\/wp-content\/uploads\/2026\/02\/77e8aec9-ae84-488a-a347-39e00362fe5e-672x448.png 672w\" sizes=\"(max-width: 1536px) 100vw, 1536px\" \/>\t\t\t\t\t\t\t\t\t\t\t\t\t\t\t<\/div>\n\t\t\t\t<\/div>\n\t\t<div class=\"elementor-element elementor-element-28b1813 e-con-full tm-col-stretched-none e-flex tm-bg-color-over-image e-con e-child\" data-id=\"28b1813\" data-element_type=\"container\" data-e-type=\"container\">\n\t\t\t\t<div class=\"elementor-element elementor-element-db817f0 elementor-widget__width-inherit horizontal-line-align-left vertical-line-align-bottom elementor-widget elementor-widget-tm-ele-section-title\" data-id=\"db817f0\" data-element_type=\"widget\" data-e-type=\"widget\" data-widget_type=\"tm-ele-section-title.default\">\n\t\t\t\t<div class=\"elementor-widget-container\">\n\t\t\t\t\t<div class=\"tm-sc-section-title section-title \">\r\n\t<div class=\"title-wrapper\">\r\n\t\t\t\t\r\n\r\n<div class=\"sub-title-outer\">\r\n\t\t<div class=\"subtitle \">\r\n\r\n\t\t\r\n\t\tAo servi\u00e7o da comunidade, em todas as fases da vida\t<\/div>\r\n\t<\/div>\t\t\t<h2 class=\"title \">\r\n\r\n\t\t\r\n\t\t\t\t<span class=\"title-part1 \">Respostas Sociais<\/span>\r\n\t\t\t\t\r\n\t\t\r\n\t<\/h2>\r\n\t<div class=\"title-seperator-line\"><\/div>\t\t\t\t\t\t<div class=\"paragraph\">\r\n\t\t<h5><strong>Disponibilizamos respostas sociais dirigidas a idosos, crian\u00e7as e fam\u00edlias, assegurando cuidado, acompanhamento e apoio com profissionalismo, proximidade e responsabilidade social.<\/strong><\/h5>\t<\/div>\r\n\t\t<\/div>\r\n<\/div>\t\t\t\t<\/div>\n\t\t\t\t<\/div>\n\t\t\t\t<div class=\"elementor-element elementor-element-ad147cd elementor-widget elementor-widget-tm-ele-list\" data-id=\"ad147cd\" data-element_type=\"widget\" data-e-type=\"widget\" data-widget_type=\"tm-ele-list.default\">\n\t\t\t\t<div class=\"elementor-widget-container\">\n\t\t\t\t\t<ul class=\"tm-sc-list \">\r\n\t<li class=\"\">\r\n\t\t\t\t<i aria-hidden=\"true\" class=\"far fa-check-circle\"><\/i>\t\t\t\t<span>\r\n\tCentro de Dia<\/span><\/li>\t<li class=\"\">\r\n\t\t\t\t<i aria-hidden=\"true\" class=\"far fa-check-circle\"><\/i>\t\t\t\t<span>\r\n\tServi\u00e7o de Apoio Domicili\u00e1rio<\/span><\/li>\t<li class=\"\">\r\n\t\t\t\t<i aria-hidden=\"true\" class=\"far fa-check-circle\"><\/i>\t\t\t\t<span>\r\n\tCantinas Sociai<em>s<\/em><\/span><\/li>\t<li class=\"\">\r\n\t\t\t\t<i aria-hidden=\"true\" class=\"far fa-check-circle\"><\/i>\t\t\t\t<span>\r\n\tCreche e\u00a0 Jardim de InF\u00e2ncia<\/span><\/li>\t<li class=\"\">\r\n\t\t\t\t<i aria-hidden=\"true\" class=\"far fa-check-circle\"><\/i>\t\t\t\t<span>\r\n\tCATL - Atividades Tempos Livres<\/span><\/li><\/ul>\t\t\t\t<\/div>\n\t\t\t\t<\/div>\n\t\t\t\t<\/div>\n\t\t\t\t<\/div>\n\t\t<div class=\"elementor-element elementor-element-03c39b3 e-flex e-con-boxed tm-col-stretched-none tm-bg-color-over-image e-con e-parent\" data-id=\"03c39b3\" data-element_type=\"container\" data-e-type=\"container\">\n\t\t\t\t\t<div class=\"e-con-inner\">\n\t\t<div class=\"elementor-element elementor-element-fce0adc e-con-full tm-col-stretched-none e-flex tm-bg-color-over-image e-con e-child\" data-id=\"fce0adc\" data-element_type=\"container\" data-e-type=\"container\">\n\t\t\t\t<div class=\"elementor-element elementor-element-3ccfca9 elementor-widget__width-inherit horizontal-line-align-left vertical-line-align-bottom elementor-widget elementor-widget-tm-ele-section-title\" data-id=\"3ccfca9\" data-element_type=\"widget\" data-e-type=\"widget\" data-widget_type=\"tm-ele-section-title.default\">\n\t\t\t\t<div class=\"elementor-widget-container\">\n\t\t\t\t\t<div class=\"tm-sc-section-title section-title \">\r\n\t<div class=\"title-wrapper\">\r\n\t\t\t\t\r\n\r\n<div class=\"sub-title-outer\">\r\n\t\t<div class=\"subtitle \">\r\n\r\n\t\t\r\n\t\tAtividades que refor\u00e7am o bem-estar e a inclus\u00e3o social\t<\/div>\r\n\t<\/div>\t\t\t<h3 class=\"title \">\r\n\r\n\t\t\r\n\t\t\t\t<span class=\"title-part1 \">Respostas Complementares S\u00e9nior<\/span>\r\n\t\t\t\t\r\n\t\t\r\n\t<\/h3>\r\n\t<div class=\"title-seperator-line\"><\/div>\t\t\t\t\t\t<div class=\"paragraph\">\r\n\t\t<h5><strong>Para al\u00e9m das respostas sociais principais, a Associa\u00e7\u00e3o promove atividades complementares de car\u00e1cter social, cultural e recreativo, destinadas a estimular a participa\u00e7\u00e3o, o conv\u00edvio e a qualidade de vida dos utentes, contribuindo para um envelhecimento ativo e para o fortalecimento dos la\u00e7os com a comunidade.<\/strong><\/h5>\t<\/div>\r\n\t\t<\/div>\r\n<\/div>\t\t\t\t<\/div>\n\t\t\t\t<\/div>\n\t\t\t\t<div class=\"elementor-element elementor-element-d1911ac elementor-widget elementor-widget-tm-ele-list\" data-id=\"d1911ac\" data-element_type=\"widget\" data-e-type=\"widget\" data-widget_type=\"tm-ele-list.default\">\n\t\t\t\t<div class=\"elementor-widget-container\">\n\t\t\t\t\t<ul class=\"tm-sc-list \">\r\n\t<li class=\"\">\r\n\t\t\t\t<i aria-hidden=\"true\" class=\"far fa-check-circle\"><\/i>\t\t\t\t<span>\r\n\tAtividades Ocupacionais<\/span><\/li>\t<li class=\"\">\r\n\t\t\t\t<i aria-hidden=\"true\" class=\"far fa-check-circle\"><\/i>\t\t\t\t<span>\r\n\t\u00a0Estimula\u00e7\u00e3o Cognitiva<\/span><\/li>\t<li class=\"\">\r\n\t\t\t\t<i aria-hidden=\"true\" class=\"far fa-check-circle\"><\/i>\t\t\t\t<span>\r\n\tAtividades de Conv\u00edvio<\/span><\/li>\t<li class=\"\">\r\n\t\t\t\t<i aria-hidden=\"true\" class=\"far fa-check-circle\"><\/i>\t\t\t\t<span>\r\n\t\u00a0Atividade F\u00edsica Adaptada<\/span><\/li>\t<li class=\"\">\r\n\t\t\t\t<i aria-hidden=\"true\" class=\"far fa-check-circle\"><\/i>\t\t\t\t<span>\r\n\tPasseios e Sa\u00eddas ao Exterior<\/span><\/li>\t<li class=\"\">\r\n\t\t\t\t<i aria-hidden=\"true\" class=\"far fa-check-circle\"><\/i>\t\t\t\t<span>\r\n\tOficina da Mem\u00f3ria e Hist\u00f3rias de Vida<\/span><\/li>\t<li class=\"\">\r\n\t\t\t\t<i aria-hidden=\"true\" class=\"far fa-check-circle\"><\/i>\t\t\t\t<span>\r\n\tHorticultura e Jardinagem<\/span><\/li>\t<li class=\"\">\r\n\t\t\t\t<i aria-hidden=\"true\" class=\"far fa-check-circle\"><\/i>\t\t\t\t<span>\r\n\tCulin\u00e1ria Terap\u00eautica<\/span><\/li><\/ul>\t\t\t\t<\/div>\n\t\t\t\t<\/div>\n\t\t\t\t<\/div>\n\t\t<div class=\"elementor-element elementor-element-3017ac3 e-con-full tm-col-stretched-none e-flex tm-bg-color-over-image e-con e-child\" data-id=\"3017ac3\" data-element_type=\"container\" data-e-type=\"container\">\n\t\t\t\t<div class=\"elementor-element elementor-element-9fb7d74 elementor-widget__width-inherit horizontal-line-align-left vertical-line-align-bottom elementor-widget elementor-widget-tm-ele-section-title\" data-id=\"9fb7d74\" data-element_type=\"widget\" data-e-type=\"widget\" data-widget_type=\"tm-ele-section-title.default\">\n\t\t\t\t<div class=\"elementor-widget-container\">\n\t\t\t\t\t<div class=\"tm-sc-section-title section-title \">\r\n\t<div class=\"title-wrapper\">\r\n\t\t\t\t\r\n\r\n<div class=\"sub-title-outer\">\r\n\t\t<div class=\"subtitle \">\r\n\r\n\t\t\r\n\t\tAtividades que promovem o desenvolvimento e o bem-estar infantil\t<\/div>\r\n\t<\/div>\t\t\t<h3 class=\"title \">\r\n\r\n\t\t\r\n\t\t\t\t<span class=\"title-part1 \">Respostas Complementares para a Inf\u00e2ncia<\/span>\r\n\t\t\t\t\r\n\t\t\r\n\t<\/h3>\r\n\t<div class=\"title-seperator-line\"><\/div>\t\t\t\t\t\t<div class=\"paragraph\">\r\n\t\t<h5><strong>Para al\u00e9m das respostas sociais principais, a Associa\u00e7\u00e3o promove atividades complementares de car\u00e1cter educativo, l\u00fadico e recreativo, destinadas a estimular o desenvolvimento cognitivo, emocional e social das crian\u00e7as, promovendo a aprendizagem, a autonomia e o conv\u00edvio em ambiente seguro e acolhedor.<\/strong><\/h5>\t<\/div>\r\n\t\t<\/div>\r\n<\/div>\t\t\t\t<\/div>\n\t\t\t\t<\/div>\n\t\t\t\t<div class=\"elementor-element elementor-element-ac1b353 elementor-widget elementor-widget-tm-ele-list\" data-id=\"ac1b353\" data-element_type=\"widget\" data-e-type=\"widget\" data-widget_type=\"tm-ele-list.default\">\n\t\t\t\t<div class=\"elementor-widget-container\">\n\t\t\t\t\t<ul class=\"tm-sc-list \">\r\n\t<li class=\"\">\r\n\t\t\t\t<i aria-hidden=\"true\" class=\"far fa-check-circle\"><\/i>\t\t\t\t<span>\r\n\tAtividades L\u00fadico-Educativas<\/span><\/li>\t<li class=\"\">\r\n\t\t\t\t<i aria-hidden=\"true\" class=\"far fa-check-circle\"><\/i>\t\t\t\t<span>\r\n\tExpress\u00e3o Musical e Motora<\/span><\/li>\t<li class=\"\">\r\n\t\t\t\t<i aria-hidden=\"true\" class=\"far fa-check-circle\"><\/i>\t\t\t\t<span>\r\n\tDesenvolvimento Psicossocial<\/span><\/li>\t<li class=\"\">\r\n\t\t\t\t<i aria-hidden=\"true\" class=\"far fa-check-circle\"><\/i>\t\t\t\t<span>\r\n\tExpress\u00e3o Pl\u00e1stica<\/span><\/li>\t<li class=\"\">\r\n\t\t\t\t<i aria-hidden=\"true\" class=\"far fa-check-circle\"><\/i>\t\t\t\t<span>\r\n\tAtividades Recreativas e Sociais<\/span><\/li>\t<li class=\"\">\r\n\t\t\t\t<i aria-hidden=\"true\" class=\"far fa-check-circle\"><\/i>\t\t\t\t<span>\r\n\tATL \u2013 Atividades de Tempos Livres<\/span><\/li>\t<li class=\"\">\r\n\t\t\t\t<i aria-hidden=\"true\" class=\"far fa-check-circle\"><\/i>\t\t\t\t<span>\r\n\tVisitas de Estudo<\/span><\/li><\/ul>\t\t\t\t<\/div>\n\t\t\t\t<\/div>\n\t\t\t\t<\/div>\n\t\t\t\t\t<\/div>\n\t\t\t\t<\/div>\n\t\t<div class=\"elementor-element elementor-element-c52ffc2 e-flex e-con-boxed tm-col-stretched-none tm-bg-color-over-image e-con e-parent\" data-id=\"c52ffc2\" data-element_type=\"container\" data-e-type=\"container\">\n\t\t\t\t\t<div class=\"e-con-inner\">\n\t\t\t\t<div class=\"elementor-element elementor-element-390eb8e elementor-widget__width-inherit horizontal-line-align-left vertical-line-align-bottom elementor-widget elementor-widget-tm-ele-section-title\" data-id=\"390eb8e\" data-element_type=\"widget\" data-e-type=\"widget\" data-widget_type=\"tm-ele-section-title.default\">\n\t\t\t\t<div class=\"elementor-widget-container\">\n\t\t\t\t\t<div class=\"tm-sc-section-title section-title \">\r\n\t<div class=\"title-wrapper\">\r\n\t\t\t\t\r\n\r\n<div class=\"sub-title-outer\">\r\n\t\t<div class=\"subtitle \">\r\n\r\n\t\t\r\n\t\tAo lado das pessoas, todos os dias\t<\/div>\r\n\t<\/div>\t\t\t<h3 class=\"title \">\r\n\r\n\t\t\r\n\t\t\t\t<span class=\"title-part1 \">Compromisso com a Comunidade<\/span>\r\n\t\t\t\t\r\n\t\t\r\n\t<\/h3>\r\n\t<div class=\"title-seperator-line\"><\/div>\t\t\t\t\t\t<div class=\"paragraph\">\r\n\t\t<h5>A Associa\u00e7\u00e3o trabalha em articula\u00e7\u00e3o com entidades p\u00fablicas, institui\u00e7\u00f5es locais e fam\u00edlias, promovendo uma resposta integrada \u00e0s necessidades sociais da popula\u00e7\u00e3o.<\/h5><h4>O nosso compromisso \u00e9 atuar com seriedade, transpar\u00eancia e dedica\u00e7\u00e3o, colocando sempre as pessoas no centro da nossa a\u00e7\u00e3o.<\/h4>\t<\/div>\r\n\t\t<\/div>\r\n<\/div>\t\t\t\t<\/div>\n\t\t\t\t<\/div>\n\t\t\t\t\t<\/div>\n\t\t\t\t<\/div>\n\t\t\t\t<\/div>\n\t\t","protected":false},"excerpt":{"rendered":"<p>A.B.C.R. da Freguesia de Lagarinhos Sobre N\u00f3s A Associa\u00e7\u00e3o de Benefic\u00eancia Cultural e Recreativa da Freguesia de Lagarinhos (ABCRFL) \u00e9&#8230;<\/p>\n","protected":false},"author":1,"featured_media":0,"parent":0,"menu_order":0,"comment_status":"closed","ping_status":"closed","template":"","meta":{"om_disable_all_campaigns":false,"footnotes":""},"class_list":["post-10784","page","type-page","status-publish","hentry"],"aioseo_notices":[],"_links":{"self":[{"href":"https:\/\/abcrflagarinhos.org\/index.php?rest_route=\/wp\/v2\/pages\/10784","targetHints":{"allow":["GET"]}}],"collection":[{"href":"https:\/\/abcrflagarinhos.org\/index.php?rest_route=\/wp\/v2\/pages"}],"about":[{"href":"https:\/\/abcrflagarinhos.org\/index.php?rest_route=\/wp\/v2\/types\/page"}],"author":[{"embeddable":true,"href":"https:\/\/abcrflagarinhos.org\/index.php?rest_route=\/wp\/v2\/users\/1"}],"replies":[{"embeddable":true,"href":"https:\/\/abcrflagarinhos.org\/index.php?rest_route=%2Fwp%2Fv2%2Fcomments&post=10784"}],"version-history":[{"count":239,"href":"https:\/\/abcrflagarinhos.org\/index.php?rest_route=\/wp\/v2\/pages\/10784\/revisions"}],"predecessor-version":[{"id":91461,"href":"https:\/\/abcrflagarinhos.org\/index.php?rest_route=\/wp\/v2\/pages\/10784\/revisions\/91461"}],"wp:attachment":[{"href":"https:\/\/abcrflagarinhos.org\/index.php?rest_route=%2Fwp%2Fv2%2Fmedia&parent=10784"}],"curies":[{"name":"wp","href":"https:\/\/api.w.org\/{rel}","templated":true}]}}